{"id":40020,"date":"2015-07-27T14:21:33","date_gmt":"2015-07-27T12:21:33","guid":{"rendered":"https:\/\/www.igmg.org\/pressefotos\/"},"modified":"2025-06-05T12:05:24","modified_gmt":"2025-06-05T10:05:24","slug":"pressefotos","status":"publish","type":"page","link":"https:\/\/www.igmg.org\/ar\/pressefotos\/","title":{"rendered":"\u0635\u0648\u0631 \u0627\u0644\u0625\u0639\u0644\u0627\u0645"},"content":{"rendered":"<table class=\"basin_tabelasi\" style=\"width: 560px; height: auto;\" border=\"0\">\n<tbody>\n<tr valign=\"top\">\n<td align=\"right\"><a href=\"https:\/\/www.igmg.org\/wp-content\/uploads\/2021\/01\/Kemal-Ergun-scaled.jpg\"><img decoding=\"async\" loading=\"lazy\" class=\"aligncenter wp-image-39523 size-thumbnail\" src=\"https:\/\/www.igmg.org\/wp-content\/uploads\/2021\/01\/Kemal-Ergun-150x150.jpg\" alt=\"Kemal Erg\u00fcn, Vorsitzender\" width=\"150\" height=\"150\"><\/a><\/td>\n<td style=\"width: 20px;\">&nbsp;<\/td>\n<td style=\"width: 400px;\">&nbsp;<\/p>\n<p>&nbsp;<\/p>\n<p>&nbsp;<\/p>\n<p>Kemal Erg\u00fcn, President<\/td>\n<\/tr>\n<tr>\n<td style=\"height: 40px;\">&nbsp;<\/td>\n<td>&nbsp;<\/td>\n<\/tr>\n<tr valign=\"top\">\n<td align=\"right\"><a href=\"https:\/\/www.igmg.org\/wp-content\/uploads\/2025\/05\/pressefoto.jpg\"><img decoding=\"async\" loading=\"lazy\" class=\"aligncenter wp-image-39524 size-thumbnail\" src=\"https:\/\/www.igmg.org\/wp-content\/uploads\/2025\/05\/pressefoto-150x150.jpg\" alt=\"\" width=\"150\" height=\"150\"><\/a><\/td>\n<td style=\"width: 20px;\">&nbsp;<\/td>\n<td style=\"width: 400px;\">&nbsp;<\/p>\n<p>&nbsp;<\/p>\n<p>&nbsp;<\/p>\n<p>Ali Mete, Secretary-General<\/td>\n<\/tr>\n<tr>\n<td style=\"height: 40px;\">&nbsp;<\/td>\n<td>&nbsp;<\/td>\n<\/tr>\n<tr valign=\"top\">\n<td align=\"right\"><a href=\"https:\/\/www.igmg.org\/wp-content\/uploads\/2021\/01\/Murat_Ileri-scaled.jpg\"><img decoding=\"async\" loading=\"lazy\" class=\"aligncenter wp-image-39521 size-thumbnail\" src=\"https:\/\/www.igmg.org\/wp-content\/uploads\/2021\/01\/Murat_Ileri-150x150.jpg\" alt=\"Murat Ileri, Gemeindeentwicklung\" width=\"150\" height=\"150\"><\/a><\/td>\n<td style=\"width: 20px;\">&nbsp;<\/td>\n<td style=\"width: 400px;\">&nbsp;<\/p>\n<p>&nbsp;<\/p>\n<p>&nbsp;<\/p>\n<p>Murat Ileri, Head of Organizational Structure<\/td>\n<\/tr>\n<tr>\n<td style=\"height: 40px;\">&nbsp;<\/td>\n<td>&nbsp;<\/td>\n<\/tr>\n<tr valign=\"top\">\n<td align=\"right\"><a href=\"https:\/\/www.igmg.org\/wp-content\/uploads\/2021\/01\/Abdulhalim-Inam-scaled.jpg\"><img decoding=\"async\" loading=\"lazy\" class=\"aligncenter wp-image-39519 size-thumbnail\" src=\"https:\/\/www.igmg.org\/wp-content\/uploads\/2021\/01\/Abdulhalim-Inam-150x150.jpg\" alt=\"Dr. Abdulhalim Inam, Bildung\" width=\"150\" height=\"150\"><\/a><\/td>\n<td style=\"width: 20px;\">&nbsp;<\/td>\n<td style=\"width: 400px;\">&nbsp;<\/p>\n<p>&nbsp;<\/p>\n<p>&nbsp;<\/p>\n<p>Dr. Abdulhalim Inam, Head of Education<\/td>\n<\/tr>\n<tr>\n<td style=\"height: 40px;\">&nbsp;<\/td>\n<td>&nbsp;<\/td>\n<\/tr>\n<tr valign=\"top\">\n<td align=\"right\"><a href=\"https:\/\/www.igmg.org\/wp-content\/uploads\/2021\/01\/Celil-Yalinkilic-scaled.jpg\"><img decoding=\"async\" loading=\"lazy\" class=\"aligncenter wp-image-39527 size-thumbnail\" src=\"https:\/\/www.igmg.org\/wp-content\/uploads\/2021\/01\/Celil-Yalinkilic-150x150.jpg\" alt=\"Celil Yal\u0131nk\u0131l\u0131\u00e7, Irschad\" width=\"150\" height=\"150\"><\/a><\/td>\n<td style=\"width: 20px;\">&nbsp;<\/td>\n<td style=\"width: 400px;\">&nbsp;<\/p>\n<p>&nbsp;<\/p>\n<p>&nbsp;<\/p>\n<p>Celil Yal\u0131nk\u0131l\u0131\u00e7, Head of Irshad<\/td>\n<\/tr>\n<tr>\n<td style=\"height: 40px;\">&nbsp;<\/td>\n<td>&nbsp;<\/td>\n<\/tr>\n<tr valign=\"top\">\n<td align=\"right\"><a href=\"https:\/\/www.igmg.org\/wp-content\/uploads\/2021\/01\/Mikail-Demir.jpg\"><img decoding=\"async\" loading=\"lazy\" class=\"aligncenter wp-image-39528 size-thumbnail\" src=\"https:\/\/www.igmg.org\/wp-content\/uploads\/2021\/01\/Mikail-Demir-150x150.jpg\" alt=\"\" width=\"150\" height=\"150\"><\/a><\/td>\n<td style=\"width: 20px;\">&nbsp;<\/td>\n<td style=\"width: 400px;\">&nbsp;<\/p>\n<p>&nbsp;<\/p>\n<p>&nbsp;<\/p>\n<p>Mikayil Demir, Head of Financial Affairs<\/td>\n<\/tr>\n<tr>\n<td style=\"height: 40px;\">&nbsp;<\/td>\n<td>&nbsp;<\/td>\n<\/tr>\n<tr valign=\"top\">\n<td align=\"right\"><a href=\"https:\/\/www.igmg.org\/wp-content\/uploads\/2021\/01\/Handan-Yazici-scaled.jpg\"><img decoding=\"async\" loading=\"lazy\" class=\"aligncenter wp-image-39529 size-thumbnail\" src=\"https:\/\/www.igmg.org\/wp-content\/uploads\/2021\/01\/Handan-Yazici-150x150.jpg\" alt=\"Handan Yaz\u0131c\u0131, Frauenabteilung\" width=\"150\" height=\"150\"><\/a><\/td>\n<td style=\"width: 20px;\">&nbsp;<\/td>\n<td style=\"width: 400px;\">&nbsp;<\/p>\n<p>&nbsp;<\/p>\n<p>&nbsp;<\/p>\n<p>Handan Yaz\u0131c\u0131, Head of Women\u2019s Organization<\/td>\n<\/tr>\n<tr>\n<td style=\"height: 40px;\">&nbsp;<\/td>\n<td>&nbsp;<\/td>\n<\/tr>\n<tr valign=\"top\">\n<td align=\"right\"><a href=\"https:\/\/www.igmg.org\/wp-content\/uploads\/2021\/06\/ZehraKaratas-1.png\" target=\"_blank\" rel=\"noopener\"><img decoding=\"async\" loading=\"lazy\" class=\"size-thumbnail wp-image-31139\" src=\"https:\/\/www.igmg.org\/wp-content\/uploads\/2021\/06\/ZehraKaratas-1-150x150.png\" alt=\"Zehra Karata\u015f, Frauenjugendorganisation\" width=\"150\" height=\"150\"><\/a><\/td>\n<td style=\"width: 20px;\">&nbsp;<\/td>\n<td style=\"width: 400px;\">&nbsp;<\/p>\n<p>&nbsp;<\/p>\n<p>&nbsp;<\/p>\n<p>Zehra Karata\u015f, Head of Women\u2019s Youth Organization<\/td>\n<\/tr>\n<tr>\n<td style=\"height: 40px;\">&nbsp;<\/td>\n<td>&nbsp;<\/td>\n<\/tr>\n<tr valign=\"top\">\n<td align=\"right\"><a href=\"https:\/\/www.igmg.org\/wp-content\/uploads\/2021\/06\/Furkan_Kahraman-1.png\"><img decoding=\"async\" loading=\"lazy\" class=\"aligncenter wp-image-39515 size-thumbnail\" src=\"https:\/\/www.igmg.org\/wp-content\/uploads\/2021\/06\/Furkan_Kahraman-1-150x150.png\" alt=\"Furkan Kahraman, Jugendorganisation\" width=\"150\" height=\"150\"><\/a><\/td>\n<td style=\"width: 20px;\">&nbsp;<\/td>\n<td style=\"width: 400px;\">&nbsp;<\/p>\n<p>&nbsp;<\/p>\n<p>&nbsp;<\/p>\n<p>Furkan Kahraman, Head of Youth Organization<\/td>\n<\/tr>\n<tr>\n<td style=\"height: 40px;\">&nbsp;<\/td>\n<td>&nbsp;<\/td>\n<\/tr>\n<\/tbody>\n<\/table>\n","protected":false},"excerpt":{"rendered":"<p>&nbsp; &nbsp; &nbsp; &nbsp; Kemal Erg\u00fcn, President &nbsp; &nbsp; &nbsp; &nbsp; &nbsp; &nbsp; Ali Mete, Secretary-General &nbsp; &nbsp; &nbsp; &nbsp; &nbsp; &nbsp; Murat Ileri, Head of Organizational Structure &nbsp; &nbsp; &nbsp; &nbsp; &nbsp; &nbsp; Dr. Abdulhalim Inam, Head of Education &nbsp; &nbsp; &nbsp; &nbsp; &nbsp; &nbsp; Celil Yal\u0131nk\u0131l\u0131\u00e7, Head of Irshad &nbsp; &nbsp; &nbsp; &nbsp; [&hellip;]<\/p>\n","protected":false},"author":1,"featured_media":0,"parent":0,"menu_order":0,"comment_status":"closed","ping_status":"closed","template":"","meta":{"ngg_post_thumbnail":0},"_links":{"self":[{"href":"https:\/\/www.igmg.org\/ar\/wp-json\/wp\/v2\/pages\/40020"}],"collection":[{"href":"https:\/\/www.igmg.org\/ar\/wp-json\/wp\/v2\/pages"}],"about":[{"href":"https:\/\/www.igmg.org\/ar\/wp-json\/wp\/v2\/types\/page"}],"author":[{"embeddable":true,"href":"https:\/\/www.igmg.org\/ar\/wp-json\/wp\/v2\/users\/1"}],"replies":[{"embeddable":true,"href":"https:\/\/www.igmg.org\/ar\/wp-json\/wp\/v2\/comments?post=40020"}],"version-history":[{"count":8,"href":"https:\/\/www.igmg.org\/ar\/wp-json\/wp\/v2\/pages\/40020\/revisions"}],"predecessor-version":[{"id":57002,"href":"https:\/\/www.igmg.org\/ar\/wp-json\/wp\/v2\/pages\/40020\/revisions\/57002"}],"wp:attachment":[{"href":"https:\/\/www.igmg.org\/ar\/wp-json\/wp\/v2\/media?parent=40020"}],"curies":[{"name":"wp","href":"https:\/\/api.w.org\/{rel}","templated":true}]}}