{"id":39830,"date":"2015-11-30T14:12:57","date_gmt":"2015-11-30T13:12:57","guid":{"rendered":"https:\/\/www.igmg.org\/muhammad-der-gesandte-gottes\/"},"modified":"2021-02-22T11:07:48","modified_gmt":"2021-02-22T10:07:48","slug":"muhammad-der-gesandte-gottes","status":"publish","type":"page","link":"https:\/\/www.igmg.org\/en\/muhammad-der-gesandte-gottes\/","title":{"rendered":"Muhammad \u2013 God\u2019s messenger"},"content":{"rendered":"<p>The Prophet Muhammad is without a doubt one of the most fascinating figures in world history. Upon hearing or pronouncing his name, Muslims say a blessing like \u201cpeace be upon him\u201d to stress his status. Many biographies have been written about his life and work, the most prominent of which was authored by Ibn Ish\u00e2k, an 8th century scholar. Despite these efforts, many aspects of his personality still remain elusive to many people.<\/p>\n<p>Muhammad was born around 571 C. E. in Mecca as the only son of a caravan trader. After the untimely death of both parents, he grew up in his uncle\u2019s house. Even as a young boy, Muhammad had a reputation of being exceptionally trustworthy. When he was 40 years old, he received the first revelation by the archangel Gabriel. Until his death in 632 C. E., Muhammad worked tirelessly to spread the divine message. <\/p>\n<div id=\"attachment_31836\" style=\"width: 210px\" class=\"wp-caption alignright\"><a class=\"no_icon\" href=\"https:\/\/www.igmg.org\/wp-content\/uploads\/2015\/11\/Islam-Broschuere-Muhammad.pdf\"><img aria-describedby=\"caption-attachment-31836\" decoding=\"async\" loading=\"lazy\" class=\" wp-image-31836\" src=\"https:\/\/www.igmg.org\/wp-content\/uploads\/2015\/11\/islam-borschuere-muhammad-300x300.jpg\" alt=\"Muhammad. Die Brosch\u00fcre\" width=\"200\" height=\"200\" srcset=\"https:\/\/www.igmg.org\/wp-content\/uploads\/2015\/11\/islam-borschuere-muhammad-300x300.jpg 300w, https:\/\/www.igmg.org\/wp-content\/uploads\/2015\/11\/islam-borschuere-muhammad-150x150.jpg 150w, https:\/\/www.igmg.org\/wp-content\/uploads\/2015\/11\/islam-borschuere-muhammad.jpg 922w\" sizes=\"(max-width: 200px) 100vw, 200px\" \/><\/a><p id=\"caption-attachment-31836\" class=\"wp-caption-text\">Muhammad. Die Brosch\u00fcre<\/p><\/div>\n<p>A prophet is characterized by his impeccable traits. Before he conveys the divine message to people, he himself is required to internalize it. <\/p>\n<p>The Qur\u2019an mentions many prophets by name, among them Adam, Noah, Lot, Abraham, Moses, David, and Jesus. At the heart of every prophetic message lies the belief in God, the Hereafter, and the realization of justice and mercy, to name but a few. <\/p>\n<p><strong>Sayings of the Prophet<\/strong><\/p>\n<p>For Muslims, the sayings of the Prophet Muhammad are almost of the same importance as the Qur\u2019an. The Hadiths are the second source of Islamic legal rulings and comprise detailed examples of the Prophet\u2019s exemplary conduct (Sunna).<\/p>\n<p>Throughout the 8th century C. E., a new scientific branch emerged, which focused entirely on the sayings of the prophet. Hadith science aimed at classifying the large body of narrations along criteria of authenticity. The most renowned and widely recognized Hadith collections are the \u201cSix Books\u201d (\u201cKutub as-Sitta\u201d) by Buk\u00e2r\u00ee, Muslim, Tirmiz\u00ee, Ab\u00fb D\u00e2w\u00fbd, Nas\u00e2\u00ee, and Ibn M\u00e2dscha.<\/p>\n","protected":false},"excerpt":{"rendered":"<p>The Prophet Muhammad is without a doubt one of the most fascinating figures in world history. Upon hearing or pronouncing his name, Muslims say a blessing like \u201cpeace be upon him\u201d to stress his status. Many biographies have been written about his life and work, the most prominent of which was authored by Ibn Ish\u00e2k, [&hellip;]<\/p>\n","protected":false},"author":1,"featured_media":0,"parent":0,"menu_order":0,"comment_status":"closed","ping_status":"closed","template":"","meta":{"ngg_post_thumbnail":0},"_links":{"self":[{"href":"https:\/\/www.igmg.org\/en\/wp-json\/wp\/v2\/pages\/39830"}],"collection":[{"href":"https:\/\/www.igmg.org\/en\/wp-json\/wp\/v2\/pages"}],"about":[{"href":"https:\/\/www.igmg.org\/en\/wp-json\/wp\/v2\/types\/page"}],"author":[{"embeddable":true,"href":"https:\/\/www.igmg.org\/en\/wp-json\/wp\/v2\/users\/1"}],"replies":[{"embeddable":true,"href":"https:\/\/www.igmg.org\/en\/wp-json\/wp\/v2\/comments?post=39830"}],"version-history":[{"count":1,"href":"https:\/\/www.igmg.org\/en\/wp-json\/wp\/v2\/pages\/39830\/revisions"}],"predecessor-version":[{"id":39832,"href":"https:\/\/www.igmg.org\/en\/wp-json\/wp\/v2\/pages\/39830\/revisions\/39832"}],"wp:attachment":[{"href":"https:\/\/www.igmg.org\/en\/wp-json\/wp\/v2\/media?parent=39830"}],"curies":[{"name":"wp","href":"https:\/\/api.w.org\/{rel}","templated":true}]}}