{"id":39798,"date":"2015-11-05T12:13:35","date_gmt":"2015-11-05T11:13:35","guid":{"rendered":"https:\/\/www.igmg.org\/der-islam\/"},"modified":"2021-02-21T20:28:27","modified_gmt":"2021-02-21T19:28:27","slug":"der-islam","status":"publish","type":"page","link":"https:\/\/www.igmg.org\/fr\/der-islam\/","title":{"rendered":"Islam"},"content":{"rendered":"<table border=\"0\">\n<tbody>\n<tr valign=\"top\">\n<td align=\"left;\">\n<div id=\"attachment_31815\" style=\"width: 160px\" class=\"wp-caption alignleft\"><a class=\"no-icon\" href=\"https:\/\/www.igmg.org\/wp-content\/uploads\/2015\/11\/Islam-Broschuere-Islam.pdf\"><img aria-describedby=\"caption-attachment-31815\" decoding=\"async\" loading=\"lazy\" class=\"size-thumbnail wp-image-31815\" src=\"https:\/\/www.igmg.org\/wp-content\/uploads\/2015\/11\/islam-borschuere-islam-150x150.jpg\" alt=\"Der Islam. Die Brosch\u00fcre\" width=\"150\" height=\"150\" srcset=\"https:\/\/www.igmg.org\/wp-content\/uploads\/2015\/11\/islam-borschuere-islam-150x150.jpg 150w, https:\/\/www.igmg.org\/wp-content\/uploads\/2015\/11\/islam-borschuere-islam-300x300.jpg 300w, https:\/\/www.igmg.org\/wp-content\/uploads\/2015\/11\/islam-borschuere-islam.jpg 922w\" sizes=\"(max-width: 150px) 100vw, 150px\" \/><\/a><p id=\"caption-attachment-31815\" class=\"wp-caption-text\">Der Islam. Die Brosch\u00fcre<\/p><\/div><\/td>\n<td><\/td>\n<td><strong>Der Islam. Eine Weltregligion<\/strong><br \/>\nDer Islam ist die j\u00fcngste der drei gro\u00dfen monotheistischen Weltreligionen. Er entstand im 7. Jahrhundert in Mekka im heutigen Saudi-Arabien. Dort erhielt der Prophet Muhammad<a href=\"#_ftn1\" name=\"_ftnref1\"><\/a> im Monat Ramadan die erste g\u00f6ttliche Offenbarung. Der Koran, wie wir ihn heute in H\u00e4nden halten, ist das Ergebnis der akribischen Sammlung, Verschriftlichung und Anordnung der einzelnen Verse (Ay\u00e2t) zu zusammenh\u00e4ngenden Kapiteln (Suren). <a href=\"https:\/\/www.igmg.org\/der-islam-eine-weltreligion\/\">Weiterlesen&#8230;.<\/a><\/td>\n<\/tr>\n<tr>\n<td style=\"height: 40px; width: 150px;\"><\/td>\n<td><\/td>\n<td style=\"width: 400px;\"><\/td>\n<\/tr>\n<tr valign=\"top\">\n<td align=\"left\">\n<div id=\"attachment_31832\" style=\"width: 160px\" class=\"wp-caption alignleft\"><a class=\"no-icon\" href=\"https:\/\/www.igmg.org\/wp-content\/uploads\/2015\/11\/Islam-Broschuere-Koran.pdf\"><img aria-describedby=\"caption-attachment-31832\" decoding=\"async\" loading=\"lazy\" class=\"size-thumbnail wp-image-31832\" src=\"https:\/\/www.igmg.org\/wp-content\/uploads\/2015\/11\/islam-borschuere-koran-150x150.jpg\" alt=\"Der Koran. Die Brosch\u00fcre\" width=\"150\" height=\"150\" srcset=\"https:\/\/www.igmg.org\/wp-content\/uploads\/2015\/11\/islam-borschuere-koran-150x150.jpg 150w, https:\/\/www.igmg.org\/wp-content\/uploads\/2015\/11\/islam-borschuere-koran-300x300.jpg 300w, https:\/\/www.igmg.org\/wp-content\/uploads\/2015\/11\/islam-borschuere-koran.jpg 922w\" sizes=\"(max-width: 150px) 100vw, 150px\" \/><\/a><p id=\"caption-attachment-31832\" class=\"wp-caption-text\">Der Koran. Die Brosch\u00fcre<\/p><\/div><\/td>\n<td><\/td>\n<td><strong>Der Koran. Die Botschaft Gottes<\/strong><br \/>\nF\u00fcr Muslime ist der Koran das Wort Gottes, seine letzte und abschlie\u00dfende Botschaft an die Menschen. Er steht in einer Reihe mit den gro\u00dfen Offenbarungsschriften des Christen- und Judentums, Evangelium, Thora und Psalter. Die ersten Verse des Korans wurden dem Propheten Muhammad in der 27. Nacht des Monats Ramadan 610 n. Chr. herabgesandt. <a href=\"https:\/\/www.igmg.org\/der-koran-die-botschaft-gottes\/\">Weiterlesen&#8230;<\/a><\/td>\n<\/tr>\n<tr>\n<td style=\"height: 40px; width: 150px;\"><\/td>\n<td><\/td>\n<td style=\"width: 400px;\"><\/td>\n<\/tr>\n<tr valign=\"top\">\n<td align=\"left\">\n<div id=\"attachment_31836\" style=\"width: 160px\" class=\"wp-caption alignleft\"><a class=\"no-icon\" href=\"https:\/\/www.igmg.org\/wp-content\/uploads\/2015\/11\/Islam-Broschuere-Muhammad.pdf\"><img aria-describedby=\"caption-attachment-31836\" decoding=\"async\" loading=\"lazy\" class=\"size-thumbnail wp-image-31836\" src=\"https:\/\/www.igmg.org\/wp-content\/uploads\/2015\/11\/islam-borschuere-muhammad-150x150.jpg\" alt=\"Muhammad. Die Brosch\u00fcre\" width=\"150\" height=\"150\" srcset=\"https:\/\/www.igmg.org\/wp-content\/uploads\/2015\/11\/islam-borschuere-muhammad-150x150.jpg 150w, https:\/\/www.igmg.org\/wp-content\/uploads\/2015\/11\/islam-borschuere-muhammad-300x300.jpg 300w, https:\/\/www.igmg.org\/wp-content\/uploads\/2015\/11\/islam-borschuere-muhammad.jpg 922w\" sizes=\"(max-width: 150px) 100vw, 150px\" \/><\/a><p id=\"caption-attachment-31836\" class=\"wp-caption-text\">Muhammad. Die Brosch\u00fcre<\/p><\/div><\/td>\n<td><\/td>\n<td><strong>Muhammad. Der gesandte Gottes<\/strong><br \/>\nDer Prophet Muhammad ist zweifellos eine der faszinierendsten Pers\u00f6nlichkeiten der Weltgeschichte. Sein Leben und Werk sind in zahlreichen Biographien verarbeitet. Die \u00e4lteste und bekannteste wurde bereits im 8. Jahrhundert von dem Gelehrten Ibn Ish\u00e2k verfasst. Trotz allem ist seine Person vielen Menschen auch heute kaum in all ihren Facetten bekannt. <a href=\"https:\/\/www.igmg.org\/muhammad-der-gesandte-gottes\/\"> Weiterlesen&#8230;<\/a><\/td>\n<\/tr>\n<tr>\n<td style=\"height: 40px; width: 150px;\"><\/td>\n<td><\/td>\n<td style=\"width: 400px;\"><\/td>\n<\/tr>\n<tr valign=\"top\">\n<td align=\"left\">\n<div id=\"attachment_31844\" style=\"width: 160px\" class=\"wp-caption alignleft\"><a class=\"no-icon\" href=\"https:\/\/www.igmg.org\/wp-content\/uploads\/2015\/11\/Islam-Broschuere-Moschee.pdf\"><img aria-describedby=\"caption-attachment-31844\" decoding=\"async\" loading=\"lazy\" class=\"size-thumbnail wp-image-31844\" src=\"https:\/\/www.igmg.org\/wp-content\/uploads\/2015\/11\/islam-borschuere-moschee-150x150.jpg\" alt=\"Moschee. Die Brosch\u00fcre\" width=\"150\" height=\"150\" srcset=\"https:\/\/www.igmg.org\/wp-content\/uploads\/2015\/11\/islam-borschuere-moschee-150x150.jpg 150w, https:\/\/www.igmg.org\/wp-content\/uploads\/2015\/11\/islam-borschuere-moschee-300x300.jpg 300w, https:\/\/www.igmg.org\/wp-content\/uploads\/2015\/11\/islam-borschuere-moschee.jpg 922w\" sizes=\"(max-width: 150px) 100vw, 150px\" \/><\/a><p id=\"caption-attachment-31844\" class=\"wp-caption-text\">Moschee. Die Brosch\u00fcre<\/p><\/div><\/td>\n<td><\/td>\n<td><strong>Die Moscheee. Muslime in Ihrer N\u00e4he<\/strong><br \/>\nRein \u00e4u\u00dferlich haben die meisten der rund 2000 deutschen Moscheen \u2013 meist in den 1970er Jahren von Arbeitsmigranten gegr\u00fcndet \u2013 wenig mit ihren prachtvollen Vorbildern in der islamischen Welt gemeinsam. Vor allem Minarette, jene turmartigen Anbauten, von denen traditionell f\u00fcnfmal t\u00e4glich zum Gebet gerufen wird, findet man hierzulande nur \u00e4u\u00dferst selten.<a href=\"https:\/\/www.igmg.org\/die-moschee-muslime-in-ihrer-naehe\/\"> Weiterlesen&#8230;<\/a><\/td>\n<\/tr>\n<tr>\n<td style=\"height: 40px; width: 150px;\"><\/td>\n<td><\/td>\n<td style=\"width: 400px;\"><\/td>\n<\/tr>\n<tr valign=\"top\">\n<td align=\"left\">\n<div id=\"attachment_31852\" style=\"width: 160px\" class=\"wp-caption alignleft\"><a class=\"no-icon\" href=\"https:\/\/www.igmg.org\/wp-content\/uploads\/2015\/11\/Islam-Broschuere-Ramadan.pdf\"><img aria-describedby=\"caption-attachment-31852\" decoding=\"async\" loading=\"lazy\" class=\"size-thumbnail wp-image-31852\" src=\"https:\/\/www.igmg.org\/wp-content\/uploads\/2015\/11\/islam-borschuere-ramadan-150x150.jpg\" alt=\"Ramadan. Die Brosch\u00fcre\" width=\"150\" height=\"150\" srcset=\"https:\/\/www.igmg.org\/wp-content\/uploads\/2015\/11\/islam-borschuere-ramadan-150x150.jpg 150w, https:\/\/www.igmg.org\/wp-content\/uploads\/2015\/11\/islam-borschuere-ramadan-300x300.jpg 300w, https:\/\/www.igmg.org\/wp-content\/uploads\/2015\/11\/islam-borschuere-ramadan.jpg 922w\" sizes=\"(max-width: 150px) 100vw, 150px\" \/><\/a><p id=\"caption-attachment-31852\" class=\"wp-caption-text\">Ramadan. Die Brosch\u00fcre<\/p><\/div><\/td>\n<td><\/td>\n<td><strong>Der Ramadan. Die Zeit der Besinnung<\/strong><br \/>\nDer neunte Monat des islamischen Mondkalenders ist der Fastenmonat Ramadan. Dieser ist f\u00fcr Muslime die wohl wichtigste und segensreichste Zeit im ganzen Jahr. Seine besondere Bedeutung erh\u00e4lt der Ramadan durch den engen Bezug zur Offenbarung des Korans.<a href=\"https:\/\/www.igmg.org\/ramadan-die-zeit-der-besinnung\/\"> Weiterlesen&#8230;<\/a><\/td>\n<\/tr>\n<tr>\n<td style=\"height: 40px; width: 150px;\"><\/td>\n<td><\/td>\n<td style=\"width: 400px;\"><\/td>\n<\/tr>\n<tr valign=\"top\">\n<td align=\"left\">\n<div id=\"attachment_31859\" style=\"width: 160px\" class=\"wp-caption alignleft\"><a class=\"no-icon\" href=\"https:\/\/www.igmg.org\/wp-content\/uploads\/2015\/11\/Islam-Broschuere-Festtag.pdf\"><img aria-describedby=\"caption-attachment-31859\" decoding=\"async\" loading=\"lazy\" class=\"size-thumbnail wp-image-31859\" src=\"https:\/\/www.igmg.org\/wp-content\/uploads\/2015\/11\/islam-borschuere-feste-150x150.jpg\" alt=\"Islamische Feste. Die Brosch\u00fcre\" width=\"150\" height=\"150\" srcset=\"https:\/\/www.igmg.org\/wp-content\/uploads\/2015\/11\/islam-borschuere-feste-150x150.jpg 150w, https:\/\/www.igmg.org\/wp-content\/uploads\/2015\/11\/islam-borschuere-feste-300x300.jpg 300w, https:\/\/www.igmg.org\/wp-content\/uploads\/2015\/11\/islam-borschuere-feste.jpg 922w\" sizes=\"(max-width: 150px) 100vw, 150px\" \/><\/a><p id=\"caption-attachment-31859\" class=\"wp-caption-text\">Islamische Feste. Die Brosch\u00fcre<\/p><\/div><\/td>\n<td><\/td>\n<td><strong>Islamische Feste. Zeiten des Gedenkens und Feierns<\/strong><br \/>\nDer islamische Kalender hat eine Reihe von Festen und Gedenkfeiern, die je nach Herkunft in unterschiedlicher Weise begangen werden. Der wichtigsten islamischen Feiertage sind das Kurban- und das Ramadanfest. Hinzu kommen gesegnete N\u00e4chte, in denen sich Muslime am Abend in den Moscheen versammeln. <a href=\"https:\/\/www.igmg.org\/islamische-feste-zeiten-des-gedenkens-und-feierns\/\"> Weiterlesen&#8230;<\/a><\/td>\n<\/tr>\n<tr>\n<td style=\"height: 40px; width: 150px;\"><\/td>\n<td><\/td>\n<td style=\"width: 400px;\"><\/td>\n<\/tr>\n<tr valign=\"top\">\n<td align=\"left\">\n<div id=\"attachment_31872\" style=\"width: 160px\" class=\"wp-caption alignleft\"><a href=\"https:\/\/www.igmg.org\/islam-schnell-erklaert\/\"><img aria-describedby=\"caption-attachment-31872\" decoding=\"async\" loading=\"lazy\" src=\"https:\/\/www.igmg.org\/wp-content\/uploads\/2015\/12\/islam-faltblaetter1-150x150.jpg\" alt=\"Islam Faltbl\u00e4tter\" width=\"150\" height=\"150\" class=\"size-thumbnail wp-image-31872\" srcset=\"https:\/\/www.igmg.org\/wp-content\/uploads\/2015\/12\/islam-faltblaetter1-150x150.jpg 150w, https:\/\/www.igmg.org\/wp-content\/uploads\/2015\/12\/islam-faltblaetter1-300x300.jpg 300w, https:\/\/www.igmg.org\/wp-content\/uploads\/2015\/12\/islam-faltblaetter1.jpg 922w\" sizes=\"(max-width: 150px) 100vw, 150px\" \/><\/a><p id=\"caption-attachment-31872\" class=\"wp-caption-text\">Islam Faltbl\u00e4tter<\/p><\/div><\/td>\n<td><\/td>\n<td><strong>Der Islam &#8211; kurz erkl\u00e4rt. Die Faltblattserie<\/strong><br \/>\nMit rund 1,6 Milliarden Gl\u00e4ubigen ist der Islam nach dem Christentum die zweitgr\u00f6\u00dfte Religionsgemeinschaft der Welt. Die meisten Muslime leben in S\u00fcdasien und Afrika. In Deutschland bekennen sich etwa f\u00fcnf Millionen Menschen zum Islam. Der Islam entstand im 7. Jahrhundert in Mekka im heutigen Saudi-Arabien. Dort wurden dem Propheten Muhammad (s) in einer Nacht des Monats Ramadan durch den Engel Gabriel die ersten Verse des Korans offenbart. <a href=\"https:\/\/www.igmg.org\/islam-schnell-erklaert\/\"> Weiterlesen&#8230;<\/a><\/td>\n<\/tr>\n<tr>\n<td style=\"height: 40px; width: 150px;\"><\/td>\n<td><\/td>\n<td style=\"width: 400px;\"><\/td>\n<\/tr>\n<\/tbody>\n<\/table>\n","protected":false},"excerpt":{"rendered":"<p>Der Islam. Eine Weltregligion Der Islam ist die j\u00fcngste der drei gro\u00dfen monotheistischen Weltreligionen. Er entstand im 7. Jahrhundert in Mekka im heutigen Saudi-Arabien. Dort erhielt der Prophet Muhammad im Monat Ramadan die erste g\u00f6ttliche Offenbarung. Der Koran, wie wir ihn heute in H\u00e4nden halten, ist das Ergebnis der akribischen Sammlung, Verschriftlichung und Anordnung der [&hellip;]<\/p>\n","protected":false},"author":1,"featured_media":0,"parent":0,"menu_order":0,"comment_status":"closed","ping_status":"closed","template":"","meta":{"ngg_post_thumbnail":0},"_links":{"self":[{"href":"https:\/\/www.igmg.org\/fr\/wp-json\/wp\/v2\/pages\/39798"}],"collection":[{"href":"https:\/\/www.igmg.org\/fr\/wp-json\/wp\/v2\/pages"}],"about":[{"href":"https:\/\/www.igmg.org\/fr\/wp-json\/wp\/v2\/types\/page"}],"author":[{"embeddable":true,"href":"https:\/\/www.igmg.org\/fr\/wp-json\/wp\/v2\/users\/1"}],"replies":[{"embeddable":true,"href":"https:\/\/www.igmg.org\/fr\/wp-json\/wp\/v2\/comments?post=39798"}],"version-history":[{"count":1,"href":"https:\/\/www.igmg.org\/fr\/wp-json\/wp\/v2\/pages\/39798\/revisions"}],"predecessor-version":[{"id":39799,"href":"https:\/\/www.igmg.org\/fr\/wp-json\/wp\/v2\/pages\/39798\/revisions\/39799"}],"wp:attachment":[{"href":"https:\/\/www.igmg.org\/fr\/wp-json\/wp\/v2\/media?parent=39798"}],"curies":[{"name":"wp","href":"https:\/\/api.w.org\/{rel}","templated":true}]}}