{"id":40024,"date":"2015-08-13T11:16:01","date_gmt":"2015-08-13T09:16:01","guid":{"rendered":"https:\/\/www.igmg.org\/selbstdarstellung\/"},"modified":"2022-03-07T10:02:45","modified_gmt":"2022-03-07T09:02:45","slug":"selbstdarstellung","status":"publish","type":"page","link":"https:\/\/www.igmg.org\/fr\/selbstdarstellung\/","title":{"rendered":"\u00c0 propos de nous"},"content":{"rendered":"<style>\n.entry .pdf_icon {<br \/>\n    background: unset !important;<br \/>\n    padding-left: 8px !important;<br \/>\n}<br \/>\n#attachment_31511 {<br \/>\n    height: 340px;<br \/>\n}<br \/>\n<\/style>\n<p><strong>QUI SOMMES-NOUS ?<\/strong><\/p>\n<p>La Communaut\u00e9 Islamique du Milli G\u00f6r\u00fc\u015f (IGMG) est une communaut\u00e9 tr\u00e8s active dans les domaines religieux, social et culturel. C\u2019est dans ce cadre que notre organisation propose diff\u00e9rentes activit\u00e9s afin de mieux apprendre, enseigner, vivre, transmettre la religion aux g\u00e9n\u00e9rations futures et la faire connaitre tout en accomplissant ses obligations. IGMG repr\u00e9sente ses membres au sein de la soci\u00e9t\u00e9, dans les domaines culturel et politique. Elle s\u2019int\u00e9resse \u00e0 tout ce qui concerne les musulmans, \u0153uvre pour am\u00e9liorer leurs conditions de vie et pour pr\u00e9server leurs droits fondamentaux.<\/p>\n<p>Le Coran et la sounna sont des sources d\u00e9cisives de la compr\u00e9hension islamique de l\u2019IGMG. L\u2019islam n\u2019est pas une religion qui s\u2019arr\u00eate au seuil de la mosqu\u00e9e, que ce soit dans le domaine public ou priv\u00e9, il responsabilise chacun de ses membres avec des valeurs \u00e9thiques et des responsabilit\u00e9s individuelles et soci\u00e9tales. L\u2019IGMG, plut\u00f4t que la pr\u00e9servation d\u2019une pratique de l\u2019islam adapt\u00e9e \u00e0 la tradition r\u00e9gionale ou culturelle, pr\u00f4ne une pratique conforme aux valeurs coraniques et \u00e0 la sounna de notre Proph\u00e8te (s.a.w.). Il consid\u00e8re les diff\u00e9rences des pratiques religieuses conformes au Coran et \u00e0 la sounna comme une richesse de la vie religieuse et communautaire. Nos membres se consid\u00e8rent comme des individus indispensables \u00e0 la soci\u00e9t\u00e9 dans laquelle ils vivent, sans pour autant renier l\u2019importance de l\u2019entretien de leurs relations avec leurs origines. L\u2019IGMG se sent responsable de cette charge et veut pr\u00e9server la s\u00e9r\u00e9nit\u00e9 et la prosp\u00e9rit\u00e9 de la soci\u00e9t\u00e9 au sein de laquelle elle est active. L\u2019IGMG se doit \u00e9galement, en tant que membre de la communaut\u00e9 musulmane, d\u2019\u00eatre sensible \u00e0 tous les probl\u00e8mes que rencontrent les musulmans.<\/p>\n<div id=\"attachment_31511\" style=\"width: 210px\" class=\"wp-caption alignleft\"><a class=\"no_icon\" href=\"https:\/\/igmg.org\/wp-content\/themes\/igmg\/images\/selbstdarstellungen\/pdf\/IGMG_brochure_fr.pdf\" target=\"_blank\" rel=\"noopener\"><img aria-describedby=\"caption-attachment-31511\" decoding=\"async\" loading=\"lazy\" class=\"wp-image-31511\" style=\"border: 2px solid #ececec;\" src=\"https:\/\/www.igmg.org\/wp-content\/uploads\/2015\/08\/igmg_selbstdarstellung_2015_de1-215x300_fr.jpg\" alt=\"Selbstdarstellung der IGMG\" width=\"200\" height=\"279\"><\/a><p id=\"caption-attachment-31511\" class=\"wp-caption-text\">BROCHURE DE PR\u00c9SENTATION<\/p>\n<p><a href=\"https:\/\/igmg.org\/wp-content\/themes\/igmg\/images\/selbstdarstellungen\/pdf\/IGMG_brochure_fr.pdf\" target=\"_blank\" rel=\"noopener\"><img decoding=\"async\" style=\"width: 25px; height: 17px; margin-top: 0px;\" src=\"https:\/\/igmg.org\/wp-content\/themes\/igmg\/images\/flags\/de.png\" alt=\"de\"><\/a> <a href=\"https:\/\/igmg.org\/wp-content\/themes\/igmg\/images\/selbstdarstellungen\/pdf\/IGMG_brochure_tr.pdf\" target=\"_blank\" rel=\"noopener\"><img decoding=\"async\" style=\"width: 25px; height: 17px; margin-top: 0px;\" src=\"https:\/\/igmg.org\/wp-content\/themes\/igmg\/images\/flags\/tr.png\" alt=\"tr\"><\/a> <a href=\"https:\/\/igmg.org\/wp-content\/themes\/igmg\/images\/selbstdarstellungen\/pdf\/IGMG_brochure_en.pdf\" target=\"_blank\" rel=\"noopener\"><img decoding=\"async\" style=\"width: 25px; height: 17px; margin-top: 0px;\" src=\"https:\/\/igmg.org\/wp-content\/themes\/igmg\/images\/flags\/en.png\" alt=\"en\"><\/a><a href=\"https:\/\/igmg.org\/wp-content\/themes\/igmg\/images\/selbstdarstellungen\/pdf\/IGMG_brochure_fr.pdf\" target=\"_blank\" rel=\"noopener\"><img decoding=\"async\" style=\"width: 25px; height: 17px; margin-top: 0px;\" src=\"https:\/\/igmg.org\/wp-content\/themes\/igmg\/images\/flags\/fr.png\" alt=\"fr\"><\/a> <a href=\"https:\/\/igmg.org\/wp-content\/themes\/igmg\/images\/selbstdarstellungen\/pdf\/IGMG_brochure_ar.pdf\" target=\"_blank\" rel=\"noopener\"><img decoding=\"async\" style=\"width: 25px; height: 17px; margin-top: 0px;\" src=\"https:\/\/igmg.org\/wp-content\/themes\/igmg\/images\/flags\/ar.png\" alt=\"ar\"><\/a><\/p><\/div>\n<p>Notre organisation, consciente de sa responsabilit\u00e9 envers l\u2019humanit\u00e9, est aux c\u00f4t\u00e9s des opprim\u00e9s et victimes et se dresse face \u00e0 l\u2019oppression. Elle soutient le d\u00e9veloppement des vertus principales comme le bien et l\u2019entraide entre les individus. Elle recherche des solutions \u00e0 leurs probl\u00e8mes \u00e9conomiques, politiques et sociaux et est en constant \u00e9change avec les organismes politiques et communautaires pour les r\u00e9soudre. Notre organisation se base sur les principes proph\u00e9tiques comme \u00ab Concourez dans le bien et la pi\u00e9t\u00e9 \u00bb, \u00ab Le meilleur des hommes est le plus b\u00e9n\u00e9fique aux hommes \u00bb, \u00ab Facilitez les choses, ne les compliquez pas \u00bb et aspire \u00e0 la mise en relief des convergences dans les relations humaines et de l\u2019entraide mutuelle. Certaines obligations de la religion musulmane peuvent \u00eatre accomplies individuellement, mais les actions concernant la soci\u00e9t\u00e9 enti\u00e8re ne peuvent se faire qu\u2019en communaut\u00e9. En l\u2019occurrence, la protection des n\u00e9cessiteux et des victimes, l\u2019opposition \u00e0 l\u2019injustice, la diffusion du bien, l\u2019interdiction du mal et la promotion de la justice dans toutes sortes de relations sociales n\u00e9cessitent un effort commun et impliquent un communautarisme. Ce besoin d\u2019une communaut\u00e9 a \u00e9t\u00e9 un facteur du rassemblement des musulmans d\u2019Europe sous le toit de l\u2019IGMG.<\/p>\n<p><strong>DEFINITION DE \u00ab MILL\u00ce G\u00d6R\u00dc\u015e \u00bb<\/strong><\/p>\n<p>D\u2019apr\u00e8s la foi musulmane, tous les \u00eatres humains descendent du premier homme sur terre et premier proph\u00e8te Adam (a.s.) et son \u00e9pouse Haww\u00e2. Allah a envoy\u00e9 des proph\u00e8tes et des Textes pour montrer la bonne voie aux humains depuis Adam (a.s.). Ibr\u00e2h\u00eem (a.s.) fait partie de cette chaine proph\u00e9tique et il est le p\u00e8re de la croyance monoth\u00e9iste. De plus, le nom de notre organisation se rapporte directement \u00e0 Ibr\u00e2h\u00eem (a.s.). Le mot \u00ab mill\u00ee \u00bb vient du mot \u00ab millat \u00bb qui est un terme coranique. Ce mot est cit\u00e9 \u00e0 plusieurs reprises dans le Coran (millat Ibr\u00e2h\u00eem\u2026) notamment dans le verset 123 de la sourate alNahl, le verset 95 de la sourate \u00c2l Imr\u00e2n, le verset 125 de la sourate al-Nisa. D\u2019apr\u00e8s le Coran, le mot millat est la communaut\u00e9 rassembl\u00e9e autour d\u2019un proph\u00e8te, qui croit en lui et aux valeurs, id\u00e9aux et traditions qu\u2019il rapporte.<\/p>\n<p>Le nom \u00ab Mill\u00ee G\u00f6r\u00fc\u015f \u00bb d\u00e9finit notre organisation. Il d\u00e9signe l\u2019ensemble des musulmans qui se consid\u00e8rent comme faisant partie de la communaut\u00e9 d\u2019Ibr\u00e2h\u00eem (a.s.) en mati\u00e8re d\u2019opinion et de foi, qui ont une id\u00e9e sur le monde qui les entoure et qui suivent la tradition de Mouhammad (s.a.w.). \u00c0 la lumi\u00e8re de cette compr\u00e9hension, ils s\u2019efforcent d\u2019apporter la paix \u00e0 l\u2019humanit\u00e9.<\/p>\n<p><strong>\u00c9VOLUTION HISTORIQUE DE L\u2019IGMG<\/strong><\/p>\n<p>Dans les ann\u00e9es 60, des millions de musulmans de Turquie et d\u2019autres pays ont \u00e9migr\u00e9 en Europe dans le but de travailler. Au d\u00e9but des ann\u00e9es 70, les travailleurs turcs ont form\u00e9 des petites communaut\u00e9s et se sont rassembl\u00e9s dans d\u2019\u00e9troites salles o\u00f9 ils pouvaient faire leurs pri\u00e8res. Peu de temps apr\u00e8s, ces petits groupes se sont rassembl\u00e9s pour former des communaut\u00e9s r\u00e9gionales et des f\u00e9d\u00e9rations. Il \u00e9tait d\u00e9sormais n\u00e9cessaire que ces institutions aient un \u00ab bureau central \u00bb afin de lancer la construction de mosqu\u00e9es, organiser les hajj et oumra, recruter et former des imams et autres personnes charg\u00e9es de l\u2019irch\u00e2d et des services religieux. C\u2019est en vue de cette n\u00e9cessit\u00e9 qu\u2019en 1995 la Communaut\u00e9 Islamique du Mill\u00ee G\u00f6r\u00fc\u015f a planifi\u00e9 ses projets, model\u00e9s par le contexte \u00e9conomique et politique de l\u2019\u00e9poque et appuy\u00e9s sur les r\u00e9alit\u00e9s de la soci\u00e9t\u00e9. L\u2019IGMG, une organisation au service des plus jeunes comme des plus \u00e2g\u00e9s, se compose aujourd\u2019hui d\u2019environ 2&nbsp;500 structures locales gr\u00e2ce aux d\u00e9partements de la Jeunesse, des Universitaires, des Femmes et de la Jeunesse f\u00e9minine qu\u2019elle abrite sous son toit. C&rsquo;est une organisation bien \u00e9tablie qui \u0153uvre en Europe, dans les pays scandinaves, aux Balkans ainsi qu&rsquo;en Australie, au Japon, en Am\u00e9rique, en Turquie, au Kirghizistan et au Canada. Elle poursuit ses services aupr\u00e8s de centaines de milliers de personnes dans 40 r\u00e9gions, dont 3 en formation, avec environ 20 000 administrateurs et 170 000 membres.<\/p>\n<blockquote>\n<p style=\"text-align: left;\"><a href=\"https:\/\/www.igmg.org\/fr\/selbstdarstellung\/2\/\"><em><strong>STRUCTURE DU SI\u00c8GE SOCIAL<\/strong> &#8230;<\/em><\/a><\/p>\n<\/blockquote>\n<p><!--nextpage--><\/p>\n<p><strong>STRUCTURE DU SI\u00c8GE SOCIAL<\/strong><\/p>\n<p>Le Conseil directif est l\u2019organe d\u00e9cideur et administrateur sup\u00e9rieur de l\u2019IGMG. Il est compos\u00e9 de neuf unit\u00e9s diff\u00e9rentes qui sont le secr\u00e9taire g\u00e9n\u00e9ral, le directeur du D\u00e9veloppement organisationnel, le directeur des Finances, le directeur de l\u2019Irch\u00e2d, le directeur de l\u2019\u00c9ducation, le directeur de la Communication Institutionnelle, la directrice du d\u00e9partement des Femmes, le directeur du d\u00e9partement de la Jeunesse, la directrice du d\u00e9partement de la Jeunesse f\u00e9minine ainsi que des conseillers du Pr\u00e9sident. Ils se rassemblent sous la direction du Pr\u00e9sident. Les d\u00e9cisions prises par le Conseil directif sont transmises au Conseil administratif de l\u2019organisation afin qu\u2019elles soient appliqu\u00e9es dans le cadre des statuts et de l\u2019administration. Le Conseil administratif est compos\u00e9 des directeurs pr\u00e9sents au Conseil directif en plus du secr\u00e9tariat g\u00e9n\u00e9ral, des directeurs adjoints des sections des d\u00e9partements de l\u2019Irch\u00e2d et du D\u00e9veloppement organisationnel, du directeur des Aides sociales, du responsable des s\u00e9jours et des hajj-oumra, du responsable de la communication externe, du responsable de la comptabilit\u00e9, du directeur du personnel et des Affaires administratives, du directeur des inspections et du directeur des Universitaires.<\/p>\n<p>Les sections de l\u2019IGMG sont form\u00e9es selon les services rendus dans les diff\u00e9rents domaines, pour diff\u00e9rents publics. Les sections en question poursuivent leurs travaux dans leur unit\u00e9 respective avec leur \u00e9quipe.<\/p>\n<p><a href=\"https:\/\/www.igmg.org\/wp-content\/uploads\/2015\/08\/organisationsstruktur_igmg_fr.png\" target=\"_blank\" rel=\"noopener\"><img decoding=\"async\" loading=\"lazy\" class=\"alignnone wp-image-31494\" src=\"https:\/\/www.igmg.org\/wp-content\/uploads\/2015\/08\/organisationsstruktur_igmg_fr.png\" alt=\"Die Organisationsstruktur der IGMG\" width=\"550\" height=\"550\"><\/a><\/p>\n<p><strong>STRUCTURE DE L\u2019ORGANISATION<\/strong><\/p>\n<p>Les actions de l\u2019IGMG sont mises en place au niveau du Si\u00e8ge social, dans le cadre de la hi\u00e9rarchie des r\u00e9gions et des localit\u00e9s selon les activit\u00e9s pr\u00e9vues. Les plus petites institutions de notre organisation sont les mosqu\u00e9es des localit\u00e9s. La mosqu\u00e9e vient non seulement combler le besoin d\u2019un lieu d\u2019adoration pour les pri\u00e8res quotidiennes et des services religieux dans son sens le plus large mais elle propose \u00e9galement des services \u00e9ducatifs et sociaux. De plus, la mosqu\u00e9e r\u00e9pond \u00e0 la demande du public cibl\u00e9 par les d\u00e9partements des Femmes, de la Jeunesse et de la Jeunesse f\u00e9minine en organisant diff\u00e9rentes activit\u00e9s afin de subvenir \u00e0 leurs besoins.<\/p>\n<p>L\u2019IGMG poursuit ses activit\u00e9s dans les mosqu\u00e9es notamment en Allemagne mais aussi en France, en Suisse, en Italie, en Autriche, en Norv\u00e8ge, en Su\u00e8de, au Danemark, aux PaysBas, en Belgique et en Angleterre en plus du Canada, de l\u2019Australie, du Japon, de la Turquie, du Kirghizistan et des Etats-Unis.<\/p>\n<p>De mani\u00e8re structurelle, les localit\u00e9s sont rattach\u00e9es aux r\u00e9gions. L\u2019IGMG travaille avec 40 organisations r\u00e9gionales dont 3 qui sont en phase de constitution et dont 15 en Allemagne avec les r\u00e9gions d\u2019Hambourg, de Br\u00eame, de Berlin, d\u2019Hanovre, de Ruhr nord, de Ruhr-A, de D\u00fcsseldorf, de Cologne, d\u2019Hesse, de W\u00fcrttemberg, du Rhin Neckar-Saar, de Souabe, de Freiburg-Donau, de Bavi\u00e8re sud et nord ; elle travaille dans six r\u00e9gions de France avec les r\u00e9gions de Paris, de Lyon, des Alpes, de France ouest, de France sud-ouest et de France sud; en Autriche elle est active dans les trois r\u00e9gions de Vienne, d\u2019Arlberg et de Linz ; quant aux Pays-Bas, les r\u00e9gions sont au nombre de deux: Hollande sud et nord. L\u2019IGMG est \u00e9galement repr\u00e9sent\u00e9e en Suisse, en Italie, en Norv\u00e8ge, en Su\u00e8de, au Danemark, en Belgique, en Angleterre, dans les Balkans, au Canada, en Turquie, au Kirghizistan, au Japon et en Australie. Nos structures r\u00e9gionales assurent la communication entre le Si\u00e8ge social et les localit\u00e9s, elles coordonnent en m\u00eame temps les activit\u00e9s des structures locales qui d\u00e9pendent d\u2019elles. Le Si\u00e8ge social coordonne toutes les activit\u00e9s au niveau des localit\u00e9s et des r\u00e9gions, programme les activit\u00e9s de fa\u00e7on g\u00e9n\u00e9rale en d\u00e9terminant les strat\u00e9gies des principaux sujets \u00e0 traiter.<\/p>\n<p>Le Si\u00e8ge social a la charge de planifier les activit\u00e9s, d\u2019\u00e9tablir les projets et de les transmettre jusqu\u2019aux plus petites unit\u00e9s qui sont les localit\u00e9s puis il suit l\u2019\u00e9volution des activit\u00e9s. De cette fa\u00e7on, le Si\u00e8ge peut \u00e9tablir une norme sup\u00e9rieure des services des structures r\u00e9gionales et locales. De plus, le Si\u00e8ge est charg\u00e9 d\u2019aider les r\u00e9gions et localit\u00e9s, en collaboration avec les r\u00e9gions, dans l\u2019organisation des services qu\u2019elles ne peuvent mener \u00e0 bien \u00e0 elles seules comme l\u2019organisation des hajj, oumra, qourbane, zak\u00e2t al-fitr et zak\u00e2t al-m\u00e2l ainsi que les calendriers des horaires de pri\u00e8res. Le Si\u00e8ge social s\u2019occupe de l\u2019organisation des services fun\u00e9raires bas\u00e9s sur l\u2019entraide mutuelle pour les enterrements ainsi que la nomination des imams et leur formation. Le Si\u00e8ge retrouve \u00e9galement les passionn\u00e9s du livre dans le Club des livres en leur proposant des \u0153uvres traitant de sujets religieux, culturels et sociaux.<\/p>\n<p>L\u2019IGMG travaille avec 640 mosqu\u00e9es dont les 324 se situent en Allemagne. Lorsqu\u2019on rajoute \u00e0 ces localit\u00e9s, les diff\u00e9rentes associations de femmes, de jeunes, d\u2019\u00e9l\u00e8ves, d\u2019\u00e9ducation, de culture et de sport dont le nombre varie selon les pays et les r\u00e9gions, l\u2019IGMG compte alors 2 440 structures locales et 170 000 membres. Si l\u2019on y rajoute le public pr\u00e9sent aux pri\u00e8res du vendredi, on atteint les 550 000 personnes.<\/p>\n<blockquote>\n<p style=\"text-align: left;\"><a href=\"https:\/\/www.igmg.org\/fr\/selbstdarstellung\/\"><em>retour<\/em><\/a><\/p>\n<\/blockquote>\n","protected":false},"excerpt":{"rendered":"<p>QUI SOMMES-NOUS ? La Communaut\u00e9 Islamique du Milli G\u00f6r\u00fc\u015f (IGMG) est une communaut\u00e9 tr\u00e8s active dans les domaines religieux, social et culturel. C\u2019est dans ce cadre que notre organisation propose diff\u00e9rentes activit\u00e9s afin de mieux apprendre, enseigner, vivre, transmettre la religion aux g\u00e9n\u00e9rations futures et la faire connaitre tout en accomplissant ses obligations. IGMG repr\u00e9sente [&hellip;]<\/p>\n","protected":false},"author":1,"featured_media":0,"parent":0,"menu_order":0,"comment_status":"closed","ping_status":"closed","template":"","meta":{"ngg_post_thumbnail":0},"_links":{"self":[{"href":"https:\/\/www.igmg.org\/fr\/wp-json\/wp\/v2\/pages\/40024"}],"collection":[{"href":"https:\/\/www.igmg.org\/fr\/wp-json\/wp\/v2\/pages"}],"about":[{"href":"https:\/\/www.igmg.org\/fr\/wp-json\/wp\/v2\/types\/page"}],"author":[{"embeddable":true,"href":"https:\/\/www.igmg.org\/fr\/wp-json\/wp\/v2\/users\/1"}],"replies":[{"embeddable":true,"href":"https:\/\/www.igmg.org\/fr\/wp-json\/wp\/v2\/comments?post=40024"}],"version-history":[{"count":15,"href":"https:\/\/www.igmg.org\/fr\/wp-json\/wp\/v2\/pages\/40024\/revisions"}],"predecessor-version":[{"id":43765,"href":"https:\/\/www.igmg.org\/fr\/wp-json\/wp\/v2\/pages\/40024\/revisions\/43765"}],"wp:attachment":[{"href":"https:\/\/www.igmg.org\/fr\/wp-json\/wp\/v2\/media?parent=40024"}],"curies":[{"name":"wp","href":"https:\/\/api.w.org\/{rel}","templated":true}]}}