{"id":40125,"date":"2015-07-27T14:21:33","date_gmt":"2015-07-27T12:21:33","guid":{"rendered":"https:\/\/www.igmg.org\/pressefotos\/"},"modified":"2025-06-05T12:05:14","modified_gmt":"2025-06-05T10:05:14","slug":"pressefotos","status":"publish","type":"page","link":"https:\/\/www.igmg.org\/fr\/pressefotos\/","title":{"rendered":"Photos de Presse"},"content":{"rendered":"<table class=\"basin_tabelasi\" style=\"width: 560px; height: auto;\" border=\"0\">\n<tbody>\n<tr valign=\"top\">\n<td align=\"right\"><a href=\"https:\/\/www.igmg.org\/wp-content\/uploads\/2021\/01\/Kemal-Ergun-scaled.jpg\"><img decoding=\"async\" loading=\"lazy\" class=\"aligncenter wp-image-39523 size-thumbnail\" src=\"https:\/\/www.igmg.org\/wp-content\/uploads\/2021\/01\/Kemal-Ergun-150x150.jpg\" alt=\"Kemal Erg\u00fcn, Vorsitzender\" width=\"150\" height=\"150\"><\/a><\/td>\n<td style=\"width: 20px;\">&nbsp;<\/td>\n<td style=\"width: 400px;\">&nbsp;<\/p>\n<p>&nbsp;<\/p>\n<p>&nbsp;<\/p>\n<p>Kemal Erg\u00fcn, Pr\u00e9sident<\/td>\n<\/tr>\n<tr>\n<td style=\"height: 40px;\">&nbsp;<\/td>\n<td>&nbsp;<\/td>\n<\/tr>\n<tr valign=\"top\">\n<td align=\"right\"><a href=\"https:\/\/www.igmg.org\/wp-content\/uploads\/2025\/05\/pressefoto.jpg\"><img decoding=\"async\" loading=\"lazy\" class=\"aligncenter wp-image-39524 size-thumbnail\" src=\"https:\/\/www.igmg.org\/wp-content\/uploads\/2025\/05\/pressefoto-150x150.jpg\" alt=\"\" width=\"150\" height=\"150\"><\/a><\/td>\n<td style=\"width: 20px;\">&nbsp;<\/td>\n<td style=\"width: 400px;\">&nbsp;<\/p>\n<p>&nbsp;<\/p>\n<p>&nbsp;<\/p>\n<p>Ali Mete, Secr\u00e9taire g\u00e9n\u00e9ral<\/td>\n<\/tr>\n<tr>\n<td style=\"height: 40px;\">&nbsp;<\/td>\n<td>&nbsp;<\/td>\n<\/tr>\n<tr valign=\"top\">\n<td align=\"right\"><a href=\"https:\/\/www.igmg.org\/wp-content\/uploads\/2021\/01\/Murat_Ileri-scaled.jpg\"><img decoding=\"async\" loading=\"lazy\" class=\"aligncenter wp-image-39521 size-thumbnail\" src=\"https:\/\/www.igmg.org\/wp-content\/uploads\/2021\/01\/Murat_Ileri-150x150.jpg\" alt=\"Murat Ileri, Gemeindeentwicklung\" width=\"150\" height=\"150\"><\/a><\/td>\n<td style=\"width: 20px;\">&nbsp;<\/td>\n<td style=\"width: 400px;\">&nbsp;<\/p>\n<p>&nbsp;<\/p>\n<p>&nbsp;<\/p>\n<p>Murat Ileri, Directeur du D\u00e9veloppement organisationnel<\/td>\n<\/tr>\n<tr>\n<td style=\"height: 40px;\">&nbsp;<\/td>\n<td>&nbsp;<\/td>\n<\/tr>\n<tr valign=\"top\">\n<td align=\"right\"><a href=\"https:\/\/www.igmg.org\/wp-content\/uploads\/2021\/01\/Abdulhalim-Inam-scaled.jpg\"><img decoding=\"async\" loading=\"lazy\" class=\"aligncenter wp-image-39519 size-thumbnail\" src=\"https:\/\/www.igmg.org\/wp-content\/uploads\/2021\/01\/Abdulhalim-Inam-150x150.jpg\" alt=\"Dr. Abdulhalim Inam, Bildung\" width=\"150\" height=\"150\"><\/a><\/td>\n<td style=\"width: 20px;\">&nbsp;<\/td>\n<td style=\"width: 400px;\">&nbsp;<\/p>\n<p>&nbsp;<\/p>\n<p>&nbsp;<\/p>\n<p>Dr. Abdulhalim Inam, Directeur de l\u2019\u00c9ducation<\/td>\n<\/tr>\n<tr>\n<td style=\"height: 40px;\">&nbsp;<\/td>\n<td>&nbsp;<\/td>\n<\/tr>\n<tr valign=\"top\">\n<td align=\"right\"><a href=\"https:\/\/www.igmg.org\/wp-content\/uploads\/2021\/01\/Celil-Yalinkilic-scaled.jpg\"><img decoding=\"async\" loading=\"lazy\" class=\"aligncenter wp-image-39527 size-thumbnail\" src=\"https:\/\/www.igmg.org\/wp-content\/uploads\/2021\/01\/Celil-Yalinkilic-150x150.jpg\" alt=\"Celil Yal\u0131nk\u0131l\u0131\u00e7, Irschad\" width=\"150\" height=\"150\"><\/a><\/td>\n<td style=\"width: 20px;\">&nbsp;<\/td>\n<td style=\"width: 400px;\">&nbsp;<\/p>\n<p>&nbsp;<\/p>\n<p>&nbsp;<\/p>\n<p>Celil Yal\u0131nk\u0131l\u0131\u00e7, Directeur de l\u2019Irch\u00e2d<\/td>\n<\/tr>\n<tr>\n<td style=\"height: 40px;\">&nbsp;<\/td>\n<td>&nbsp;<\/td>\n<\/tr>\n<tr valign=\"top\">\n<td align=\"right\"><a href=\"https:\/\/www.igmg.org\/wp-content\/uploads\/2021\/01\/Mikail-Demir.jpg\"><img decoding=\"async\" loading=\"lazy\" class=\"aligncenter wp-image-39528 size-thumbnail\" src=\"https:\/\/www.igmg.org\/wp-content\/uploads\/2021\/01\/Mikail-Demir-150x150.jpg\" alt=\"\" width=\"150\" height=\"150\"><\/a><\/td>\n<td style=\"width: 20px;\">&nbsp;<\/td>\n<td style=\"width: 400px;\">&nbsp;<\/p>\n<p>&nbsp;<\/p>\n<p>&nbsp;<\/p>\n<p>Mikayil Demir, Directeur des Finances<\/td>\n<\/tr>\n<tr>\n<td style=\"height: 40px;\">&nbsp;<\/td>\n<td>&nbsp;<\/td>\n<\/tr>\n<tr valign=\"top\">\n<td align=\"right\"><a href=\"https:\/\/www.igmg.org\/wp-content\/uploads\/2021\/01\/Handan-Yazici-scaled.jpg\"><img decoding=\"async\" loading=\"lazy\" class=\"aligncenter wp-image-39529 size-thumbnail\" src=\"https:\/\/www.igmg.org\/wp-content\/uploads\/2021\/01\/Handan-Yazici-150x150.jpg\" alt=\"Handan Yaz\u0131c\u0131, Frauenabteilung\" width=\"150\" height=\"150\"><\/a><\/td>\n<td style=\"width: 20px;\">&nbsp;<\/td>\n<td style=\"width: 400px;\">&nbsp;<\/p>\n<p>&nbsp;<\/p>\n<p>&nbsp;<\/p>\n<p>Handan Yaz\u0131c\u0131, Directrice du d\u00e9partement des Femmes<\/td>\n<\/tr>\n<tr>\n<td style=\"height: 40px;\">&nbsp;<\/td>\n<td>&nbsp;<\/td>\n<\/tr>\n<tr valign=\"top\">\n<td align=\"right\"><a href=\"https:\/\/www.igmg.org\/wp-content\/uploads\/2021\/06\/ZehraKaratas-1.png\" target=\"_blank\" rel=\"noopener\"><img decoding=\"async\" loading=\"lazy\" class=\"size-thumbnail wp-image-31139\" src=\"https:\/\/www.igmg.org\/wp-content\/uploads\/2021\/06\/ZehraKaratas-1-150x150.png\" alt=\"Zehra Karata\u015f, Frauenjugendorganisation\" width=\"150\" height=\"150\"><\/a><\/td>\n<td style=\"width: 20px;\">&nbsp;<\/td>\n<td style=\"width: 400px;\">&nbsp;<\/p>\n<p>&nbsp;<\/p>\n<p>&nbsp;<\/p>\n<p>Zehra Karata\u015f, Directrice du d\u00e9partement de la Jeunesse f\u00e9minine<\/td>\n<\/tr>\n<tr>\n<td style=\"height: 40px;\">&nbsp;<\/td>\n<td>&nbsp;<\/td>\n<\/tr>\n<tr valign=\"top\">\n<td align=\"right\"><a href=\"https:\/\/www.igmg.org\/wp-content\/uploads\/2021\/06\/Furkan_Kahraman-1.png\"><img decoding=\"async\" loading=\"lazy\" class=\"aligncenter wp-image-39515 size-thumbnail\" src=\"https:\/\/www.igmg.org\/wp-content\/uploads\/2021\/06\/Furkan_Kahraman-1-150x150.png\" alt=\"Furkan Kahraman, Jugendorganisation\" width=\"150\" height=\"150\"><\/a><\/td>\n<td style=\"width: 20px;\">&nbsp;<\/td>\n<td style=\"width: 400px;\">&nbsp;<\/p>\n<p>&nbsp;<\/p>\n<p>&nbsp;<\/p>\n<p>Furkan Kahraman, Directeur du d\u00e9partement de la Jeunesse<\/td>\n<\/tr>\n<tr>\n<td style=\"height: 40px;\">&nbsp;<\/td>\n<td>&nbsp;<\/td>\n<\/tr>\n<\/tbody>\n<\/table>\n","protected":false},"excerpt":{"rendered":"<p>&nbsp; &nbsp; &nbsp; &nbsp; Kemal Erg\u00fcn, Pr\u00e9sident &nbsp; &nbsp; &nbsp; &nbsp; &nbsp; &nbsp; Ali Mete, Secr\u00e9taire g\u00e9n\u00e9ral &nbsp; &nbsp; &nbsp; &nbsp; &nbsp; &nbsp; Murat Ileri, Directeur du D\u00e9veloppement organisationnel &nbsp; &nbsp; &nbsp; &nbsp; &nbsp; &nbsp; Dr. Abdulhalim Inam, Directeur de l\u2019\u00c9ducation &nbsp; &nbsp; &nbsp; &nbsp; &nbsp; &nbsp; Celil Yal\u0131nk\u0131l\u0131\u00e7, Directeur de l\u2019Irch\u00e2d &nbsp; &nbsp; &nbsp; [&hellip;]<\/p>\n","protected":false},"author":1,"featured_media":0,"parent":0,"menu_order":0,"comment_status":"closed","ping_status":"closed","template":"","meta":{"ngg_post_thumbnail":0},"_links":{"self":[{"href":"https:\/\/www.igmg.org\/fr\/wp-json\/wp\/v2\/pages\/40125"}],"collection":[{"href":"https:\/\/www.igmg.org\/fr\/wp-json\/wp\/v2\/pages"}],"about":[{"href":"https:\/\/www.igmg.org\/fr\/wp-json\/wp\/v2\/types\/page"}],"author":[{"embeddable":true,"href":"https:\/\/www.igmg.org\/fr\/wp-json\/wp\/v2\/users\/1"}],"replies":[{"embeddable":true,"href":"https:\/\/www.igmg.org\/fr\/wp-json\/wp\/v2\/comments?post=40125"}],"version-history":[{"count":9,"href":"https:\/\/www.igmg.org\/fr\/wp-json\/wp\/v2\/pages\/40125\/revisions"}],"predecessor-version":[{"id":57001,"href":"https:\/\/www.igmg.org\/fr\/wp-json\/wp\/v2\/pages\/40125\/revisions\/57001"}],"wp:attachment":[{"href":"https:\/\/www.igmg.org\/fr\/wp-json\/wp\/v2\/media?parent=40125"}],"curies":[{"name":"wp","href":"https:\/\/api.w.org\/{rel}","templated":true}]}}