{"id":28700,"date":"2015-07-14T15:07:15","date_gmt":"2015-07-14T13:07:15","guid":{"rendered":"https:\/\/www.igmg.org\/pressemitteilung-2\/"},"modified":"2015-08-14T15:40:51","modified_gmt":"2015-08-14T13:40:51","slug":"pressemitteilung","status":"publish","type":"page","link":"https:\/\/www.igmg.org\/tr\/pressemitteilung\/","title":{"rendered":"Bas\u0131n A\u00e7\u0131klamas\u0131"},"content":{"rendered":"","protected":false},"excerpt":{"rendered":"","protected":false},"author":1,"featured_media":0,"parent":0,"menu_order":0,"comment_status":"open","ping_status":"open","template":"pressemitteilung.php","meta":{"ngg_post_thumbnail":0},"_links":{"self":[{"href":"https:\/\/www.igmg.org\/tr\/wp-json\/wp\/v2\/pages\/28700"}],"collection":[{"href":"https:\/\/www.igmg.org\/tr\/wp-json\/wp\/v2\/pages"}],"about":[{"href":"https:\/\/www.igmg.org\/tr\/wp-json\/wp\/v2\/types\/page"}],"author":[{"embeddable":true,"href":"https:\/\/www.igmg.org\/tr\/wp-json\/wp\/v2\/users\/1"}],"replies":[{"embeddable":true,"href":"https:\/\/www.igmg.org\/tr\/wp-json\/wp\/v2\/comments?post=28700"}],"version-history":[{"count":5,"href":"https:\/\/www.igmg.org\/tr\/wp-json\/wp\/v2\/pages\/28700\/revisions"}],"predecessor-version":[{"id":31378,"href":"https:\/\/www.igmg.org\/tr\/wp-json\/wp\/v2\/pages\/28700\/revisions\/31378"}],"wp:attachment":[{"href":"https:\/\/www.igmg.org\/tr\/wp-json\/wp\/v2\/media?parent=28700"}],"curies":[{"name":"wp","href":"https:\/\/api.w.org\/{rel}","templated":true}]}}