{"id":28993,"date":"2015-07-27T14:21:33","date_gmt":"2015-07-27T12:21:33","guid":{"rendered":"https:\/\/www.igmg.org\/pressefotos-2\/"},"modified":"2025-06-03T09:19:06","modified_gmt":"2025-06-03T07:19:06","slug":"pressefotos","status":"publish","type":"page","link":"https:\/\/www.igmg.org\/tr\/pressefotos\/","title":{"rendered":"Bas\u0131n resimleri"},"content":{"rendered":"<table class=\"basin_tabelasi\" style=\"width: 560px; height: auto;\" border=\"0\">\n<tbody>\n<tr valign=\"top\">\n<td align=\"right\"><a href=\"https:\/\/www.igmg.org\/wp-content\/uploads\/2021\/01\/Kemal-Ergun.jpg\"><img decoding=\"async\" loading=\"lazy\" class=\"aligncenter wp-image-39524 size-thumbnail\" src=\"https:\/\/www.igmg.org\/wp-content\/uploads\/2021\/01\/Kemal-Ergun-150x150.jpg\" alt=\"\" width=\"150\" height=\"150\"><\/a><\/td>\n<td style=\"width: 20px;\">&nbsp;<\/td>\n<td style=\"width: 400px;\">&nbsp;&nbsp;<\/p>\n<p>&nbsp;<\/p>\n<p>&nbsp;<\/p>\n<p>Kemal Erg\u00fcn, Genel Ba\u015fkan<\/td>\n<\/tr>\n<tr>\n<td style=\"height: 40px;\">&nbsp;<\/td>\n<td>&nbsp;<\/td>\n<\/tr>\n<tr valign=\"top\">\n<td align=\"right\"><a href=\"https:\/\/www.igmg.org\/wp-content\/uploads\/2025\/05\/pressefoto.jpg\"><img decoding=\"async\" loading=\"lazy\" class=\"aligncenter wp-image-39524 size-thumbnail\" src=\"https:\/\/www.igmg.org\/wp-content\/uploads\/2025\/05\/pressefoto-150x150.jpg\" alt=\"\" width=\"150\" height=\"150\"><\/a><\/td>\n<td style=\"width: 20px;\">&nbsp;<\/td>\n<td style=\"width: 400px;\">&nbsp;&nbsp;<\/p>\n<p>&nbsp;<\/p>\n<p>&nbsp;<\/p>\n<p>Ali Mete, Genel Sekreter<\/td>\n<\/tr>\n<tr>\n<td style=\"height: 40px;\">&nbsp;<\/td>\n<td>&nbsp;<\/td>\n<\/tr>\n<tr valign=\"top\">\n<td align=\"right\"><a href=\"https:\/\/www.igmg.org\/wp-content\/uploads\/2021\/01\/Murat_Ileri.jpg\"><img decoding=\"async\" loading=\"lazy\" class=\"aligncenter wp-image-39522 size-thumbnail\" src=\"https:\/\/www.igmg.org\/wp-content\/uploads\/2021\/01\/Murat_Ileri-150x150.jpg\" alt=\"\" width=\"150\" height=\"150\"><\/a><\/td>\n<td style=\"width: 20px;\">&nbsp;<\/td>\n<td style=\"width: 400px;\">&nbsp;&nbsp;<\/p>\n<p>&nbsp;<\/p>\n<p>&nbsp;<\/p>\n<p>Murat \u0130leri, Te\u015fkilatlanma Ba\u015fkan\u0131<\/td>\n<\/tr>\n<tr>\n<td style=\"height: 40px;\">&nbsp;<\/td>\n<td>&nbsp;<\/td>\n<\/tr>\n<tr valign=\"top\">\n<td align=\"right\"><a href=\"https:\/\/www.igmg.org\/wp-content\/uploads\/2021\/01\/Abdulhalim-Inam.jpg\"><img decoding=\"async\" loading=\"lazy\" class=\"aligncenter wp-image-39520 size-thumbnail\" src=\"https:\/\/www.igmg.org\/wp-content\/uploads\/2021\/01\/Abdulhalim-Inam-150x150.jpg\" alt=\"\" width=\"150\" height=\"150\"><\/a><\/td>\n<td style=\"width: 20px;\">&nbsp;<\/td>\n<td style=\"width: 400px;\">&nbsp;&nbsp;<\/p>\n<p>&nbsp;<\/p>\n<p>&nbsp;<\/p>\n<p>Dr. Abdulhalim \u0130nam, E\u011fitim Ba\u015fkan\u0131<\/td>\n<\/tr>\n<tr>\n<td style=\"height: 40px;\">&nbsp;<\/td>\n<td>&nbsp;<\/td>\n<\/tr>\n<tr valign=\"top\">\n<td align=\"right\"><a href=\"https:\/\/www.igmg.org\/wp-content\/uploads\/2021\/01\/Celil-Yalinkilic.jpg\"><img decoding=\"async\" loading=\"lazy\" class=\"aligncenter wp-image-39528 size-thumbnail\" src=\"https:\/\/www.igmg.org\/wp-content\/uploads\/2021\/01\/Celil-Yalinkilic-150x150.jpg\" alt=\"\" width=\"150\" height=\"150\"><\/a><\/td>\n<td style=\"width: 20px;\">&nbsp;<\/td>\n<td style=\"width: 400px;\">&nbsp;&nbsp;<\/p>\n<p>&nbsp;<\/p>\n<p>&nbsp;<\/p>\n<p>Celil Yal\u0131nk\u0131l\u0131\u00e7, \u0130r\u015fad Ba\u015fkan\u0131<\/td>\n<\/tr>\n<tr>\n<td style=\"height: 40px;\">&nbsp;<\/td>\n<td>&nbsp;<\/td>\n<\/tr>\n<tr valign=\"top\">\n<td align=\"right\"><a href=\"https:\/\/www.igmg.org\/wp-content\/uploads\/2021\/01\/Mikail-Demir.jpg\"><img decoding=\"async\" loading=\"lazy\" class=\"aligncenter wp-image-39528 size-thumbnail\" src=\"https:\/\/www.igmg.org\/wp-content\/uploads\/2021\/01\/Mikail-Demir-150x150.jpg\" alt=\"\" width=\"150\" height=\"150\"><\/a><\/td>\n<td style=\"width: 20px;\">&nbsp;<\/td>\n<td style=\"width: 400px;\">&nbsp;&nbsp;<\/p>\n<p>&nbsp;<\/p>\n<p>&nbsp;<\/p>\n<p>Mikayil Demir, Mali \u0130\u015fler Ba\u015fkan\u0131<\/td>\n<\/tr>\n<tr>\n<td style=\"height: 40px;\">&nbsp;<\/td>\n<td>&nbsp;<\/td>\n<\/tr>\n<tr valign=\"top\">\n<td align=\"right\"><a href=\"https:\/\/www.igmg.org\/wp-content\/uploads\/2021\/01\/Bekir-Altas-scaled.jpg\"><img decoding=\"async\" loading=\"lazy\" class=\"aligncenter wp-image-39532 size-thumbnail\" src=\"https:\/\/www.igmg.org\/wp-content\/uploads\/2021\/01\/Bekir-Altas-150x150.jpg\" alt=\"\" width=\"150\" height=\"150\"><\/a><\/td>\n<td style=\"width: 20px;\">&nbsp;<\/td>\n<td style=\"width: 400px;\">&nbsp;&nbsp;<\/p>\n<p>&nbsp;<\/p>\n<p>&nbsp;<\/p>\n<p>Bekir Alta\u015f, Ba\u015fkan Yard\u0131mc\u0131s\u0131<\/td>\n<\/tr>\n<tr>\n<td style=\"height: 40px;\">&nbsp;<\/td>\n<td>&nbsp;<\/td>\n<\/tr>\n<tr valign=\"top\">\n<td align=\"right\"><a href=\"https:\/\/www.igmg.org\/wp-content\/uploads\/2021\/01\/Handan-Yazici.jpg\"><img decoding=\"async\" loading=\"lazy\" class=\"aligncenter wp-image-39529 size-thumbnail\" src=\"https:\/\/www.igmg.org\/wp-content\/uploads\/2021\/01\/Handan-Yazici-150x150.jpg\" alt=\"Handan Yaz\u0131c\u0131, Frauenabteilung\" width=\"150\" height=\"150\"><\/a><\/td>\n<td style=\"width: 20px;\">&nbsp;<\/td>\n<td style=\"width: 400px;\">&nbsp;<\/p>\n<p>&nbsp;<\/p>\n<p>&nbsp;<\/p>\n<p>Handan Yaz\u0131c\u0131, Kad\u0131nlar Te\u015fkilat\u0131 Ba\u015fkan\u0131<\/td>\n<\/tr>\n<tr>\n<td style=\"height: 40px;\">&nbsp;<\/td>\n<td>&nbsp;<\/td>\n<\/tr>\n<tr valign=\"top\">\n<td align=\"right\"><a href=\"https:\/\/www.igmg.org\/wp-content\/uploads\/2021\/06\/ZehraKaratas-1.png\" target=\"_blank\" rel=\"noopener\"><img decoding=\"async\" loading=\"lazy\" class=\"size-thumbnail wp-image-31139\" src=\"https:\/\/www.igmg.org\/wp-content\/uploads\/2021\/06\/ZehraKaratas-1-150x150.png\" alt=\"ZEHRA KARATA\u015e, Kad\u0131nlar Gen\u00e7lik Te\u015fkilat\u0131\" width=\"150\" height=\"150\"><\/a><\/td>\n<td style=\"width: 20px;\">&nbsp;<\/td>\n<td style=\"width: 400px;\">&nbsp;&nbsp;<\/p>\n<p>&nbsp;<\/p>\n<p>&nbsp;<\/p>\n<p>Zehra Karata\u015f, Kad\u0131nlar Gen\u00e7lik Te\u015fkilat\u0131 Ba\u015fkan\u0131<\/td>\n<\/tr>\n<tr>\n<td style=\"height: 40px;\">&nbsp;<\/td>\n<td>&nbsp;<\/td>\n<\/tr>\n<tr valign=\"top\">\n<td align=\"right\"><a href=\"https:\/\/www.igmg.org\/wp-content\/uploads\/2021\/06\/Furkan_Kahraman-1.png\"><img decoding=\"async\" loading=\"lazy\" class=\"aligncenter wp-image-39516 size-thumbnail\" src=\"https:\/\/www.igmg.org\/wp-content\/uploads\/2021\/06\/Furkan_Kahraman-1-150x150.png\" alt=\"Furkan Kahraman\" width=\"150\" height=\"150\"><\/a><\/td>\n<td style=\"width: 20px;\">&nbsp;<\/td>\n<td style=\"width: 400px;\">&nbsp;&nbsp;<\/p>\n<p>&nbsp;<\/p>\n<p>&nbsp;<\/p>\n<p>Furkan Kahraman, Gen\u00e7ik Te\u015fkilat\u0131 Ba\u015fkan\u0131<\/td>\n<\/tr>\n<tr>\n<td style=\"height: 40px;\">&nbsp;<\/td>\n<td>&nbsp;<\/td>\n<\/tr>\n<\/tbody>\n<\/table>\n","protected":false},"excerpt":{"rendered":"<p>&nbsp; &nbsp;&nbsp; &nbsp; &nbsp; Kemal Erg\u00fcn, Genel Ba\u015fkan &nbsp; &nbsp; &nbsp; &nbsp;&nbsp; &nbsp; &nbsp; Ali Mete, Genel Sekreter &nbsp; &nbsp; &nbsp; &nbsp;&nbsp; &nbsp; &nbsp; Murat \u0130leri, Te\u015fkilatlanma Ba\u015fkan\u0131 &nbsp; &nbsp; &nbsp; &nbsp;&nbsp; &nbsp; &nbsp; Dr. Abdulhalim \u0130nam, E\u011fitim Ba\u015fkan\u0131 &nbsp; &nbsp; &nbsp; &nbsp;&nbsp; &nbsp; &nbsp; Celil Yal\u0131nk\u0131l\u0131\u00e7, \u0130r\u015fad Ba\u015fkan\u0131 &nbsp; &nbsp; &nbsp; &nbsp;&nbsp; &nbsp; &nbsp; [&hellip;]<\/p>\n","protected":false},"author":1,"featured_media":0,"parent":0,"menu_order":0,"comment_status":"closed","ping_status":"closed","template":"","meta":{"ngg_post_thumbnail":0},"_links":{"self":[{"href":"https:\/\/www.igmg.org\/tr\/wp-json\/wp\/v2\/pages\/28993"}],"collection":[{"href":"https:\/\/www.igmg.org\/tr\/wp-json\/wp\/v2\/pages"}],"about":[{"href":"https:\/\/www.igmg.org\/tr\/wp-json\/wp\/v2\/types\/page"}],"author":[{"embeddable":true,"href":"https:\/\/www.igmg.org\/tr\/wp-json\/wp\/v2\/users\/1"}],"replies":[{"embeddable":true,"href":"https:\/\/www.igmg.org\/tr\/wp-json\/wp\/v2\/comments?post=28993"}],"version-history":[{"count":41,"href":"https:\/\/www.igmg.org\/tr\/wp-json\/wp\/v2\/pages\/28993\/revisions"}],"predecessor-version":[{"id":56882,"href":"https:\/\/www.igmg.org\/tr\/wp-json\/wp\/v2\/pages\/28993\/revisions\/56882"}],"wp:attachment":[{"href":"https:\/\/www.igmg.org\/tr\/wp-json\/wp\/v2\/media?parent=28993"}],"curies":[{"name":"wp","href":"https:\/\/api.w.org\/{rel}","templated":true}]}}