{"id":29016,"date":"2015-05-11T15:51:08","date_gmt":"2015-05-11T13:51:08","guid":{"rendered":"https:\/\/www.igmg.org\/frauenjugendorganisation-2\/"},"modified":"2015-07-27T15:16:02","modified_gmt":"2015-07-27T13:16:02","slug":"frauenjugendorganisation","status":"publish","type":"page","link":"https:\/\/www.igmg.org\/tr\/frauenjugendorganisation\/","title":{"rendered":"Kad\u0131nlar Gen\u00e7lik Te\u015fkilat\u0131"},"content":{"rendered":"","protected":false},"excerpt":{"rendered":"","protected":false},"author":1,"featured_media":0,"parent":0,"menu_order":0,"comment_status":"open","ping_status":"open","template":"frauenjugendorganisation.php","meta":{"ngg_post_thumbnail":0},"_links":{"self":[{"href":"https:\/\/www.igmg.org\/tr\/wp-json\/wp\/v2\/pages\/29016"}],"collection":[{"href":"https:\/\/www.igmg.org\/tr\/wp-json\/wp\/v2\/pages"}],"about":[{"href":"https:\/\/www.igmg.org\/tr\/wp-json\/wp\/v2\/types\/page"}],"author":[{"embeddable":true,"href":"https:\/\/www.igmg.org\/tr\/wp-json\/wp\/v2\/users\/1"}],"replies":[{"embeddable":true,"href":"https:\/\/www.igmg.org\/tr\/wp-json\/wp\/v2\/comments?post=29016"}],"version-history":[{"count":1,"href":"https:\/\/www.igmg.org\/tr\/wp-json\/wp\/v2\/pages\/29016\/revisions"}],"predecessor-version":[{"id":29017,"href":"https:\/\/www.igmg.org\/tr\/wp-json\/wp\/v2\/pages\/29016\/revisions\/29017"}],"wp:attachment":[{"href":"https:\/\/www.igmg.org\/tr\/wp-json\/wp\/v2\/media?parent=29016"}],"curies":[{"name":"wp","href":"https:\/\/api.w.org\/{rel}","templated":true}]}}