{"id":29964,"date":"2015-08-06T12:00:31","date_gmt":"2015-08-06T10:00:31","guid":{"rendered":"https:\/\/www.igmg.org\/?page_id=29964"},"modified":"2025-10-15T16:18:47","modified_gmt":"2025-10-15T14:18:47","slug":"ueyelik","status":"publish","type":"page","link":"https:\/\/www.igmg.org\/tr\/ueyelik\/","title":{"rendered":"DESTEK\u00c7\u0130 \u00dcYE BA\u015eVURUSU"},"content":{"rendered":"<p><iframe style=\"height: 2500px;\" class=\"iframe_mitgliedschaft\" scrolling=\"no\" src=\"https:\/\/uyelik.igmg.org\/pages\/uyelik.php?lang=tr&#038;giris_kodu=fowkdi456eiekf19379834\"><\/iframe> <\/p>\n","protected":false},"excerpt":{"rendered":"","protected":false},"author":1,"featured_media":0,"parent":0,"menu_order":0,"comment_status":"closed","ping_status":"closed","template":"","meta":{"ngg_post_thumbnail":0},"_links":{"self":[{"href":"https:\/\/www.igmg.org\/tr\/wp-json\/wp\/v2\/pages\/29964"}],"collection":[{"href":"https:\/\/www.igmg.org\/tr\/wp-json\/wp\/v2\/pages"}],"about":[{"href":"https:\/\/www.igmg.org\/tr\/wp-json\/wp\/v2\/types\/page"}],"author":[{"embeddable":true,"href":"https:\/\/www.igmg.org\/tr\/wp-json\/wp\/v2\/users\/1"}],"replies":[{"embeddable":true,"href":"https:\/\/www.igmg.org\/tr\/wp-json\/wp\/v2\/comments?post=29964"}],"version-history":[{"count":11,"href":"https:\/\/www.igmg.org\/tr\/wp-json\/wp\/v2\/pages\/29964\/revisions"}],"predecessor-version":[{"id":58383,"href":"https:\/\/www.igmg.org\/tr\/wp-json\/wp\/v2\/pages\/29964\/revisions\/58383"}],"wp:attachment":[{"href":"https:\/\/www.igmg.org\/tr\/wp-json\/wp\/v2\/media?parent=29964"}],"curies":[{"name":"wp","href":"https:\/\/api.w.org\/{rel}","templated":true}]}}