{"id":31198,"date":"2015-08-13T11:16:41","date_gmt":"2015-08-13T09:16:41","guid":{"rendered":"https:\/\/www.igmg.org\/?page_id=31198"},"modified":"2022-03-07T09:53:48","modified_gmt":"2022-03-07T08:53:48","slug":"hakkimizda","status":"publish","type":"page","link":"https:\/\/www.igmg.org\/tr\/hakkimizda\/","title":{"rendered":"Hakk\u0131m\u0131zda"},"content":{"rendered":"<style>\n.entry .pdf_icon {<br \/>\n    background: unset !important;<br \/>\n    padding-left: 8px !important;<br \/>\n}<br \/>\n#attachment_31536 {<br \/>\n    height: 350px;<br \/>\n}<br \/>\n<\/style>\n<p>\u0130slam Toplumu Mill\u00ee G\u00f6r\u00fc\u015f (IGMG) kapsaml\u0131 bir \u015fekilde din\u00ee, sosyal ve k\u00fclt\u00fcrel hizmetler veren \u0130slami bir cemaattir. Bu ba\u011flamda kurulu\u015f, \u0130slam\u2019\u0131n \u00f6\u011frenilmesi, \u00f6\u011fretilmesi, ya\u015fanmas\u0131, gelecek nesillere aktar\u0131lmas\u0131 ve \u0130slam dininin tan\u0131t\u0131lmas\u0131 ile, bu dinin gereklerinin yerine getirilmesi amac\u0131yla \u00e7e\u015fitli hizmetler sunar. IGMG, toplumsal, k\u00fclt\u00fcrel ve siyasal alanlarda mensuplar\u0131n\u0131 temsil eder, M\u00fcsl\u00fcmanlar\u0131n t\u00fcm meseleleriyle ilgilenir, hayat \u015fartlar\u0131n\u0131n d\u00fczeltilmesi ve temel haklar\u0131n\u0131n korunmas\u0131 i\u00e7in gereken<br \/>\n\u00e7al\u0131\u015fmalar\u0131 yapar.<\/p>\n<p>Kur\u2019an ve s\u00fcnnet, IGMG\u2019nin \u0130slam anlay\u0131\u015f\u0131nda belirleyici olan temel kaynaklard\u0131r. \u0130slam, toplumsal ve ferd\u00ee ya\u015fam anlam\u0131nda, etkinli\u011fi cami kap\u0131s\u0131nda bitmeyen, m\u00fcminlere hayatlar\u0131n\u0131n her alan\u0131nda ahlaki de\u011ferler ile ki\u015fisel ve toplumsal sorumluluklar y\u00fckleyen bir dindir. \u0130slam dininin ya\u015fanmas\u0131n\u0131, belirli bir b\u00f6lgesel ya da k\u00fclt\u00fcrel gelene\u011fin \u00fcst\u00fcnde g\u00f6rerek, Kur\u2019an \u00f6l\u00e7\u00fcleri ile Peygamberimiz (s.a.v.)\u2019in s\u00fcnnetine uygun olarak ya\u015fanmas\u0131 \u015feklinde alg\u0131layan IGMG, edille-i \u015fer\u2019iyyeye (Kur\u2019an, s\u00fcnnet, icma ve k\u0131yas) dayanan din\u00ee uygulamalardaki farkl\u0131l\u0131klar\u0131 ise, din\u00ee ve toplumsal hayat i\u00e7in bir zenginlik olarak g\u00f6r\u00fcr. IGMG \u00fcyeleri, anavatanlar\u0131 ile olan ili\u015fkilerini canl\u0131 tutman\u0131n \u00f6nemini yads\u0131maks\u0131z\u0131n kendilerini, birlikte ya\u015famakta olduklar\u0131 toplumlar\u0131n temel bir unsuru olarak kabul ederler. IGMG bu sorumlulu\u011fun bilinci ile, b\u00fcnyesinde faaliyet g\u00f6sterdi\u011fi toplumlar\u0131n huzur ve refah\u0131 konusunda kendisini g\u00f6revli addetmektedir. IGMG, ayn\u0131 zamanda \u0130slam \u00fcmmetinin bir par\u00e7as\u0131 olarak, \u00fcmmetin kar\u015f\u0131la\u015ft\u0131\u011f\u0131 her t\u00fcrl\u00fc soruna kar\u015f\u0131 duyarl\u0131 davranmay\u0131 da bir vazife telakki eder.<\/p>\n<div id=\"attachment_31536\" style=\"width: 225px\" class=\"wp-caption alignleft\"><a class=\"no_icon\" href=\"https:\/\/igmg.org\/wp-content\/themes\/igmg\/images\/selbstdarstellungen\/pdf\/IGMG_brochure_tr.pdf\" target=\"_blank\" rel=\"noopener\"><img aria-describedby=\"caption-attachment-31536\" decoding=\"async\" loading=\"lazy\" class=\"wp-image-31536 size-medium\" style=\"border: 2px solid #ececec !important;\" src=\"https:\/\/www.igmg.org\/wp-content\/uploads\/2015\/08\/igmg_selbstdarstellung_2015_tr-215x300.jpg\" alt=\"IGMG Tan\u0131t\u0131m Katalo\u011fu 2015\" width=\"215\" height=\"300\" srcset=\"https:\/\/www.igmg.org\/wp-content\/uploads\/2015\/08\/igmg_selbstdarstellung_2015_tr-215x300.jpg 215w, https:\/\/www.igmg.org\/wp-content\/uploads\/2015\/08\/igmg_selbstdarstellung_2015_tr-300x418.jpg 300w, https:\/\/www.igmg.org\/wp-content\/uploads\/2015\/08\/igmg_selbstdarstellung_2015_tr.jpg 585w\" sizes=\"(max-width: 215px) 100vw, 215px\" \/><\/a><p id=\"caption-attachment-31536\" class=\"wp-caption-text\">IGMG Tan\u0131t\u0131m Katalo\u011fu 2015<\/p>\n<p><a href=\"https:\/\/igmg.org\/wp-content\/themes\/igmg\/images\/selbstdarstellungen\/pdf\/IGMG_brochure_de.pdf\" target=\"_blank\" rel=\"noopener\"><img decoding=\"async\" style=\"width: 25px; height: 17px; margin-top: 0px;\" src=\"https:\/\/igmg.org\/wp-content\/themes\/igmg\/images\/flags\/de.png\" alt=\"de\"><\/a> <a href=\"https:\/\/igmg.org\/wp-content\/themes\/igmg\/images\/selbstdarstellungen\/pdf\/IGMG_brochure_tr.pdf\" target=\"_blank\" rel=\"noopener\"><img decoding=\"async\" style=\"width: 25px; height: 17px; margin-top: 0px;\" src=\"https:\/\/igmg.org\/wp-content\/themes\/igmg\/images\/flags\/tr.png\" alt=\"tr\"><\/a> <a href=\"https:\/\/igmg.org\/wp-content\/themes\/igmg\/images\/selbstdarstellungen\/pdf\/IGMG_brochure_en.pdf\" target=\"_blank\" rel=\"noopener\"><img decoding=\"async\" style=\"width: 25px; height: 17px; margin-top: 0px;\" src=\"https:\/\/igmg.org\/wp-content\/themes\/igmg\/images\/flags\/en.png\" alt=\"en\"><\/a><a href=\"https:\/\/igmg.org\/wp-content\/themes\/igmg\/images\/selbstdarstellungen\/pdf\/IGMG_brochure_fr.pdf\" target=\"_blank\" rel=\"noopener\"><img decoding=\"async\" style=\"width: 25px; height: 17px; margin-top: 0px;\" src=\"https:\/\/igmg.org\/wp-content\/themes\/igmg\/images\/flags\/fr.png\" alt=\"fr\"><\/a> <a href=\"https:\/\/igmg.org\/wp-content\/themes\/igmg\/images\/selbstdarstellungen\/pdf\/IGMG_brochure_ar.pdf\" target=\"_blank\" rel=\"noopener\"><img decoding=\"async\" style=\"width: 25px; height: 17px; margin-top: 0px;\" src=\"https:\/\/igmg.org\/wp-content\/themes\/igmg\/images\/flags\/ar.png\" alt=\"ar\"><\/a><\/p><\/div>\n<p>IGMG, t\u00fcm insanl\u0131\u011fa kar\u015f\u0131 sorumlulu\u011fun idraki ile, mazlum ve ma\u011fdurlar\u0131n yan\u0131nda yer al\u0131r ve her t\u00fcrl\u00fc zulme kar\u015f\u0131 \u00e7\u0131karak, insanlar aras\u0131nda iyilik ve dayan\u0131\u015fma gibi temel insani faziletlerin geli\u015fmesini te\u015fvik eder. \u0130nsanlar\u0131n kar\u015f\u0131la\u015ft\u0131\u011f\u0131 ekonomik, siyasal ve sosyal problemlere kar\u015f\u0131 \u00e7\u00f6z\u00fcm aray\u0131\u015flar\u0131n\u0131n i\u00e7inde yer al\u0131r ve bu problemlerin \u00e7\u00f6z\u00fcm\u00fc i\u00e7in kamu kurumlar\u0131 ve sivil toplum kurulu\u015flar\u0131yla s\u00fcrekli fikir teatisinde bulunur.<\/p>\n<p>\u201c\u0130yilik ve takvada yar\u0131\u015f\u0131n.\u201d, \u201c\u0130nsanlar\u0131n en hay\u0131rl\u0131s\u0131 insanlara faydal\u0131 oland\u0131r.\u201d ve \u201cKolayla\u015ft\u0131r\u0131n\u0131z, g\u00fc\u00e7le\u015ftirmeyiniz.\u201d nebevi d\u00fcsturlar\u0131ndan hareketle kurulu\u015fumuz, toplumsal ili\u015fkilerde ihtilaflar\u0131n de\u011fil, ortak y\u00f6nlerin esas al\u0131nmas\u0131n\u0131 temenni eder. \u0130slam dininde ferd\u00ee olarak yerine getirilebilen y\u00fck\u00fcml\u00fcl\u00fckler oldu\u011fu gibi, baz\u0131 ibadetler ise ancak cemaat h\u00e2linde ifa edilebilir.<\/p>\n<p>Buna paralel olarak, yoksul ve ma\u011fdurlar\u0131n korunmas\u0131, haks\u0131zl\u0131klara kar\u015f\u0131 m\u00fccadele, iyili\u011fin yayg\u0131nla\u015ft\u0131r\u0131l\u0131p k\u00f6t\u00fcl\u00fcklerin engellenmesi ve her t\u00fcrl\u00fc toplumsal ili\u015fkinin adalet esas\u0131na g\u00f6re y\u00fcr\u00fct\u00fclebilmesi, ortak bir \u00e7abay\u0131, dolay\u0131s\u0131yla cemaatle\u015fmeyi gerekli k\u0131lar. Bir cemaat olma zorunlulu\u011fu da, Avrupa\u2019da M\u00fcsl\u00fcmanlar\u0131n, IGMG \u00e7at\u0131s\u0131 alt\u0131nda toplanmas\u0131 i\u00e7in te\u015fvik edici bir unsur olmu\u015ftur.<\/p>\n<p><strong>Mill\u00ee G\u00f6r\u00fc\u015f Terkibinin Anlam\u0131<\/strong><\/p>\n<p>\u0130slam inanc\u0131na g\u00f6re, b\u00fct\u00fcn insanlar ilk insan ve ilk peygamber olan Hazreti \u00c2dem (a.s.) ile e\u015fi Havva\u2019dan ne\u015fet etmi\u015flerdir. Hz. \u00c2dem\u2019den bu yana Allah (c.c.), insanlara do\u011fru yolu g\u00f6stermeleri i\u00e7in peygamberler ve ilah\u00ee kitaplar g\u00f6ndermi\u015ftir. Bu peygamberler silsilesinin bir halkas\u0131 olan Hz. \u0130br\u00e2him (a.s.), tevhid inanc\u0131 mensuplar\u0131n\u0131n atas\u0131d\u0131r. Bu meyanda, te\u015fkilat\u0131m\u0131z\u0131n ismi do\u011frudan Hazreti \u0130br\u00e2him\u2019e at\u0131fta bulunur. Kullan\u0131lan \u201cMill\u00ee\u201d kelimesi, Kur\u2019an\u00ee bir kavram olan \u201cmillet\u201d kelimesinden gelir. Kur\u2019\u00e2n-\u0131 Ker\u00eem\u2019de pek \u00e7ok yerde zikredilen bu kavram\u0131n (&#8230;\u0130br\u00e2him\u2019in milleti\u2026) kullan\u0131lmas\u0131na \u015fu ayetler kaynakl\u0131k eder: Nahl suresi, 123. ayet; \u00c2l-i \u0130mr\u00e2n suresi, 95. ayet; Nis\u00e2 suresi, 125. ayet. Kur\u2019\u00e2n-\u0131 Ker\u00eem\u2019e g\u00f6re \u201cmillet\u201d tan\u0131mlamas\u0131, bir peygambere inanan ve bu peygamberin getirdi\u011fi de\u011ferler, idealler ve gelenekler etraf\u0131nda toplanan cemaati niteler.<\/p>\n<p>B\u00f6ylece te\u015fkilat\u0131 tarif eden \u201cMill\u00ee G\u00f6r\u00fc\u015f\u201d terkibinin anlam\u0131, g\u00f6r\u00fc\u015f ve inan\u0131\u015f bak\u0131m\u0131ndan kendisini Hz. \u0130br\u00e2him (a.s.)\u2019\u0131n milletinden kabul eden ve Hz. Muhammed (s.a.v.)\u2019in yolundan giden \u0130slami bir cemaatin d\u00fcnyaya bak\u0131\u015f\u0131 ve bu anlay\u0131\u015f do\u011frultusunda insanl\u0131\u011f\u0131n huzuru i\u00e7in \u00e7aba g\u00f6stermesi olarak anla\u015f\u0131lmal\u0131d\u0131r.<\/p>\n<p><strong>IGMG\u2019nin Tarih\u00ee Geli\u015fimi<\/strong><\/p>\n<p>1960\u2019l\u0131 y\u0131llarda, Almanya ve di\u011fer Avrupa \u00fclkelerinde \u00e7al\u0131\u015fmak \u00fczere T\u00fcrkiye\u2019nin yan\u0131 s\u0131ra di\u011fer \u00fclkelerden de milyonlarca M\u00fcsl\u00fcman Avrupa\u2019ya g\u00f6\u00e7 etti. 1970\u2019li y\u0131llar\u0131n ba\u015f\u0131ndan itibaren T\u00fcrkiyeli i\u015f\u00e7iler, k\u00fc\u00e7\u00fck cemaatler olu\u015fturarak namaz k\u0131labilecekleri k\u00fc\u00e7\u00fck mescitler etraf\u0131nda topland\u0131lar. 80\u2019li y\u0131llara gelindi\u011finde ise, bu k\u00fc\u00e7\u00fck cemaatler bir araya gelerek b\u00f6lge ve federasyonlar olu\u015fturdular. Bu kurulu\u015flar\u0131n bir \u201cGenel Merkez\u201d olu\u015fturma ihtiyac\u0131, cami in\u015faas\u0131, hac ve umre organizasyonlar\u0131, imam ve din\u00ee hizmet veren ir\u015fad g\u00f6revlilerinin temini ve e\u011fitimi gibi \u00e7e\u015fitli din\u00ee hizmetlerin yerine getirilmesi i\u00e7in bir zorunluluk oldu. Bu zorunlulukla, 1995 y\u0131l\u0131nda kurulan \u0130slam Toplumu Mill\u00ee G\u00f6r\u00fc\u015f, kuruldu\u011fu d\u00f6nemin ekonomik ve sosyal geli\u015fmelerinin \u015fekillendirdi\u011fi s\u00fcre\u00e7te, toplumsal ger\u00e7eklere g\u00f6re davranarak programlar olu\u015fturdu. Bu plan ve programlar \u00e7er\u00e7evesinde y\u00fcr\u00fctt\u00fc\u011f\u00fc \u00e7al\u0131\u015fmalar\u0131 ile IGMG her ge\u00e7en g\u00fcn hizmet g\u00f6t\u00fcrd\u00fc\u011f\u00fc b\u00f6lge, \u015fube ve \u00fcye say\u0131s\u0131n\u0131 art\u0131rarak, bug\u00fcn bulundu\u011fu Avrupa\u2019n\u0131n en b\u00fcy\u00fck sivil toplum kurulu\u015flar\u0131 aras\u0131ndaki konumuna ula\u015ft\u0131. IGMG bug\u00fcn 7\u2019den 70\u2019e hizmet sunan bir kurulu\u015f olarak, b\u00fcnyesinde bar\u0131nd\u0131rd\u0131\u011f\u0131 Kad\u0131nlar Te\u015fkilat\u0131, Gen\u00e7lik Te\u015fkilat\u0131, \u00dcniversiteliler ve Kad\u0131nlar Gen\u00e7lik Te\u015fkilat\u0131 ile birlikte 2500 civar\u0131nda \u015fube say\u0131s\u0131na sahiptir. Avrupa\u2019da, \u0130skandinav \u00fclkelerinde, Balkanlarda, ayr\u0131ca Avustralya, Japonya, Amerika, T\u00fcrkiye, K\u0131rg\u0131zistan ve Kanada\u2019da hizmet veren k\u00f6kl\u00fc bir te\u015fkilat olma vasf\u0131n\u0131 ta\u015f\u0131maktad\u0131r. 3\u2019\u00fc m\u00fcte\u015febbis olmak \u00fczere 40 b\u00f6lgede, 20.000 civar\u0131nda idareci ve 170.000 civar\u0131nda \u00fcyesi ile y\u00fcz binlerce insana y\u00f6nelik hizmetlerine aral\u0131ks\u0131z devam etmektedir.<\/p>\n<blockquote><p><a href=\"https:\/\/www.igmg.org\/tr\/hakkimizda\/2\/\"><em><strong>Genel Merkez ve Te\u015fkilat yap\u0131lanmas\u0131<\/strong>n\u0131 burada okuyabilirsiniz.<\/em><\/a><\/p><\/blockquote>\n<p><!--nextpage--><\/p>\n<p><strong>Genel Merkez Yap\u0131lanmas\u0131<\/strong><\/p>\n<p>Genel Ba\u015fkan ba\u015fkanl\u0131\u011f\u0131nda toplanan ve Genel Sekreter, Te\u015fkilatlanma Ba\u015fkan\u0131, Mali \u0130\u015fler Ba\u015fkan\u0131, \u0130r\u015fad Ba\u015fkan\u0131, E\u011fitim Ba\u015fkan\u0131, Kad\u0131nlar Te\u015fkilat\u0131 Ba\u015fkan\u0131, Gen\u00e7lik Te\u015fkilat\u0131 Ba\u015fkan\u0131, Kad\u0131nlar Gen\u00e7lik Te\u015fkilat\u0131 Ba\u015fkan\u0131 olmak \u00fczere sekiz ayr\u0131 birim ba\u015fkan\u0131ndan ve Genel Ba\u015fkan Dan\u0131\u015fmanlar\u0131ndan olu\u015fan Ba\u015fkanl\u0131k Divan\u0131, IGMG\u2019nin en \u00fcst karar ve y\u00f6netim organ\u0131d\u0131r. Ba\u015fkanl\u0131k Divan\u0131\u2019n\u0131n ard\u0131ndan al\u0131nan kararlar\u0131, t\u00fcz\u00fck ve y\u00f6netmelikler \u00e7er\u00e7evesinde icraatla g\u00f6revli Merkez Y\u00fcr\u00fctme Kurulu\u2019nda Ba\u015fkanl\u0131k Divan\u0131\u2019nda bulunan birim ba\u015fkanlar\u0131n\u0131n yan\u0131 s\u0131ra, Genel Sekreterlik, \u0130r\u015fad ve Te\u015fkilatlanma birimlerinin ba\u015fkan yard\u0131mc\u0131lar\u0131, Sosyal Hizmetler Ba\u015fkan\u0131, Hac-Umre ve Seyahat Ba\u015fkan\u0131, Muhasebe Ba\u015fkan\u0131, Personel Daire ve \u0130dari \u0130\u015fler Ba\u015fkan\u0131, Tefti\u015f Ba\u015fkan\u0131 ve \u00dcniversiteliler Ba\u015fkan\u0131 bulunur.<\/p>\n<p>IGMG birimleri farkl\u0131 alanlara ve farkl\u0131 kitlelere y\u00f6nelik sunulan hizmetlere g\u00f6re olu\u015fturulmu\u015ftur, s\u00f6z konusu birimler kendi b\u00fcnyelerinde m\u00fcte\u015fekkil bulunan alt birimleriyle birlikte \u00e7al\u0131\u015fmalar\u0131n\u0131 s\u00fcrd\u00fcr\u00fcr.<\/p>\n<div id=\"attachment_31524\" style=\"width: 560px\" class=\"wp-caption alignleft\"><a href=\"https:\/\/www.igmg.org\/wp-content\/uploads\/2015\/08\/organisationsstruktur_igmg_tr.png\"><img aria-describedby=\"caption-attachment-31524\" decoding=\"async\" loading=\"lazy\" class=\" wp-image-31524\" src=\"https:\/\/www.igmg.org\/wp-content\/uploads\/2015\/08\/organisationsstruktur_igmg_tr.png\" alt=\"Merkez Y\u00fcr\u00fctme Kurulu\" width=\"550\" height=\"550\" srcset=\"https:\/\/www.igmg.org\/wp-content\/uploads\/2015\/08\/organisationsstruktur_igmg_tr.png 887w, https:\/\/www.igmg.org\/wp-content\/uploads\/2015\/08\/organisationsstruktur_igmg_tr-150x150.png 150w, https:\/\/www.igmg.org\/wp-content\/uploads\/2015\/08\/organisationsstruktur_igmg_tr-300x300.png 300w\" sizes=\"(max-width: 550px) 100vw, 550px\" \/><\/a><p id=\"caption-attachment-31524\" class=\"wp-caption-text\">Merkez Y\u00fcr\u00fctme Kurulu<\/p><\/div>\n<p><strong>Te\u015fkilat Yap\u0131lanmas\u0131<\/strong><\/p>\n<p>IGMG\u2019nin hizmetleri yap\u0131lacak olan \u00e7al\u0131\u015fmalara g\u00f6re, Genel Merkez, b\u00f6lge ve \u015fube hiyerar\u015fisi kapsam\u0131nda ger\u00e7ekle\u015ftirilir. Te\u015fkilat\u0131n en k\u00fc\u00e7\u00fck organize birimi, yerel camilerdir. Camiler, g\u00fcnl\u00fck ibadetlerin yerine getirilmesi i\u00e7in temel ihtiya\u00e7lar\u0131 giderdi\u011fi ve din\u00ee hizmetleri en kapsaml\u0131 bir bi\u00e7imde y\u00fcr\u00fctt\u00fc\u011f\u00fc gibi, e\u011fitimsel ve sosyal alanlarda verdi\u011fi pek \u00e7ok hizmetin yan\u0131 s\u0131ra, Kad\u0131nlar, Gen\u00e7lik ve Kad\u0131nlar Gen\u00e7lik Te\u015fkilatlar\u0131 ile ilgili hedef grubun \u00f6zel ihtiya\u00e7lar\u0131na y\u00f6nelik \u00e7e\u015fitli hizmetler verir.<\/p>\n<p>IGMG cami hizmetlerini, Almanya ba\u015fta olmak \u00fczere, Fransa, \u0130svi\u00e7re, \u0130talya, Avusturya, Norve\u00e7, \u0130sve\u00e7, Danimarka, Hollanda, Bel\u00e7ika ve \u0130ngiltere\u2019de, ayr\u0131ca Kanada ve Avustralya\u2019da s\u00fcrd\u00fcr\u00fcr. Yap\u0131sal olarak \u015fubeler, b\u00f6lge te\u015fkilatlar\u0131na ba\u011fl\u0131 olarak \u00e7al\u0131\u015f\u0131r. IGMG, 15\u2019i Almanya\u2019da olmak \u00fczere toplam 35 b\u00f6lge te\u015fkilat\u0131 ile hizmet verir.<\/p>\n<p>B\u00f6lge te\u015fkilatlar\u0131, bir taraftan Genel Merkez ile \u015fubeler aras\u0131nda irtibat\u0131 sa\u011flarken, e\u015f zamanl\u0131 olarak kendilerine ba\u011fl\u0131 \u015fubelerin \u00e7al\u0131\u015fmalar\u0131n\u0131 koordine eder. Bunun yan\u0131 s\u0131ra b\u00f6lge te\u015fkilatlar\u0131, \u00f6zellikle ir\u015fad ve e\u011fitim hizmetlerinin koordinesinden ve k\u00fclt\u00fcrel programlar\u0131n sunulmas\u0131ndan sorumludur. Genel Merkez te\u015fkilat\u0131n gerek yerel, gerekse b\u00f6lgesel t\u00fcm hizmetlerinin koordine edilmesini sa\u011flar ve genel \u00e7al\u0131\u015fma programlar\u0131 haz\u0131rlayarak, temel konularda stratejiler belirler.<\/p>\n<p>Yediden yetmi\u015fe geni\u015f kitlelere ula\u015ft\u0131r\u0131lan IGMG \u00e7al\u0131\u015fmalar\u0131n\u0131n planlan\u0131p, projelendirilerek en k\u00fc\u00e7\u00fck yap\u0131lar olan \u015fubelere de\u011fin ula\u015ft\u0131r\u0131lmas\u0131n\u0131n takibi Genel Merkez taraf\u0131ndan ger\u00e7ekle\u015ftirilir. B\u00f6ylelikle, b\u00f6lge ve \u015fubelerin verdi\u011fi ir\u015fad ve e\u011fitim hizmetlerinde, sosyal ve k\u00fclt\u00fcrel faaliyetlerde azami bir standard\u0131n olu\u015fmas\u0131 sa\u011flan\u0131r. Bunun haricinde Genel Merkez, b\u00f6lge ve \u015fubelerin tek ba\u015flar\u0131na yerine getiremeyecekleri hizmetleri, yine b\u00f6lgelerin deste\u011fi ile verir. \u00d6zellikle hac, umre, kurban, fitre ve zek\u00e2t organizeleri, namaz vakitlerini bildiren Hicret Takvimi bu hizmetler aras\u0131nda yer al\u0131r. Defin i\u015flemlerinin dayan\u0131\u015fma h\u00e2linde yap\u0131lmas\u0131 i\u00e7in olu\u015fturulan cenaze hizmetleri ile, imamlar\u0131n tayin ve e\u011fitimleri de Genel Merkez taraf\u0131ndan yap\u0131l\u0131r. Genel Merkez ayn\u0131 zamanda din\u00ee, k\u00fclt\u00fcrel ve sosyal konular\u0131 inceleyen kitaplar\u0131n okuyucuya sunuldu\u011fu bir Kitap Kul\u00fcb\u00fc ile de kitapseverlerle bulu\u015fur.<\/p>\n<p>IGMG, 304\u2019\u00fc Almanya\u2019da olmak \u00fczere 518 cami ile faaliyet g\u00f6stermektedir. Bu \u015fubelere, \u00fclke ve b\u00f6lgelere g\u00f6re farkl\u0131l\u0131k arz eden say\u0131da<br \/>\nkad\u0131n, gen\u00e7lik, \u00f6\u011frenci, e\u011fitim, k\u00fclt\u00fcr ve spor dernekleri de eklenince, IGMG, toplam olarak 2330 \u015fube ve 127.000 \u00fcyesi ile hizmet vermektedir. Cuma namaz\u0131na kat\u0131lan cemaat hesaba kat\u0131ld\u0131\u011f\u0131nda IGMG, 350 bin ki\u015filik bir cemaate sahiptir.<\/p>\n<blockquote><p><a href=\"https:\/\/www.igmg.org\/tr\/hakkimizda\/\">Geri git.<\/a><\/p><\/blockquote>\n","protected":false},"excerpt":{"rendered":"<p>\u0130slam Toplumu Mill\u00ee G\u00f6r\u00fc\u015f (IGMG) kapsaml\u0131 bir \u015fekilde din\u00ee, sosyal ve k\u00fclt\u00fcrel hizmetler veren \u0130slami bir cemaattir. Bu ba\u011flamda kurulu\u015f, \u0130slam\u2019\u0131n \u00f6\u011frenilmesi, \u00f6\u011fretilmesi, ya\u015fanmas\u0131, gelecek nesillere aktar\u0131lmas\u0131 ve \u0130slam dininin tan\u0131t\u0131lmas\u0131 ile, bu dinin gereklerinin yerine getirilmesi amac\u0131yla \u00e7e\u015fitli hizmetler sunar. IGMG, toplumsal, k\u00fclt\u00fcrel ve siyasal alanlarda mensuplar\u0131n\u0131 temsil eder, M\u00fcsl\u00fcmanlar\u0131n t\u00fcm meseleleriyle ilgilenir, hayat [&hellip;]<\/p>\n","protected":false},"author":1,"featured_media":0,"parent":0,"menu_order":0,"comment_status":"closed","ping_status":"closed","template":"","meta":{"ngg_post_thumbnail":0},"_links":{"self":[{"href":"https:\/\/www.igmg.org\/tr\/wp-json\/wp\/v2\/pages\/31198"}],"collection":[{"href":"https:\/\/www.igmg.org\/tr\/wp-json\/wp\/v2\/pages"}],"about":[{"href":"https:\/\/www.igmg.org\/tr\/wp-json\/wp\/v2\/types\/page"}],"author":[{"embeddable":true,"href":"https:\/\/www.igmg.org\/tr\/wp-json\/wp\/v2\/users\/1"}],"replies":[{"embeddable":true,"href":"https:\/\/www.igmg.org\/tr\/wp-json\/wp\/v2\/comments?post=31198"}],"version-history":[{"count":18,"href":"https:\/\/www.igmg.org\/tr\/wp-json\/wp\/v2\/pages\/31198\/revisions"}],"predecessor-version":[{"id":34044,"href":"https:\/\/www.igmg.org\/tr\/wp-json\/wp\/v2\/pages\/31198\/revisions\/34044"}],"wp:attachment":[{"href":"https:\/\/www.igmg.org\/tr\/wp-json\/wp\/v2\/media?parent=31198"}],"curies":[{"name":"wp","href":"https:\/\/api.w.org\/{rel}","templated":true}]}}