{"id":31203,"date":"2015-08-13T14:13:39","date_gmt":"2015-08-13T12:13:39","guid":{"rendered":"https:\/\/www.igmg.org\/?page_id=31203"},"modified":"2015-08-13T14:13:39","modified_gmt":"2015-08-13T12:13:39","slug":"kuran-i-kerim","status":"publish","type":"page","link":"https:\/\/www.igmg.org\/tr\/kuran-i-kerim\/","title":{"rendered":"Kur\u2019\u00e2n-\u0131 Ker\u00eem"},"content":{"rendered":"","protected":false},"excerpt":{"rendered":"","protected":false},"author":1,"featured_media":0,"parent":0,"menu_order":0,"comment_status":"open","ping_status":"open","template":"der_koran.php","meta":{"ngg_post_thumbnail":0},"_links":{"self":[{"href":"https:\/\/www.igmg.org\/tr\/wp-json\/wp\/v2\/pages\/31203"}],"collection":[{"href":"https:\/\/www.igmg.org\/tr\/wp-json\/wp\/v2\/pages"}],"about":[{"href":"https:\/\/www.igmg.org\/tr\/wp-json\/wp\/v2\/types\/page"}],"author":[{"embeddable":true,"href":"https:\/\/www.igmg.org\/tr\/wp-json\/wp\/v2\/users\/1"}],"replies":[{"embeddable":true,"href":"https:\/\/www.igmg.org\/tr\/wp-json\/wp\/v2\/comments?post=31203"}],"version-history":[{"count":1,"href":"https:\/\/www.igmg.org\/tr\/wp-json\/wp\/v2\/pages\/31203\/revisions"}],"predecessor-version":[{"id":31204,"href":"https:\/\/www.igmg.org\/tr\/wp-json\/wp\/v2\/pages\/31203\/revisions\/31204"}],"wp:attachment":[{"href":"https:\/\/www.igmg.org\/tr\/wp-json\/wp\/v2\/media?parent=31203"}],"curies":[{"name":"wp","href":"https:\/\/api.w.org\/{rel}","templated":true}]}}