{"id":31430,"date":"2015-08-20T12:02:13","date_gmt":"2015-08-20T10:02:13","guid":{"rendered":"https:\/\/www.igmg.org\/?page_id=31430"},"modified":"2022-09-21T11:15:52","modified_gmt":"2022-09-21T09:15:52","slug":"kuenye","status":"publish","type":"page","link":"https:\/\/www.igmg.org\/tr\/kuenye\/","title":{"rendered":"K\u00fcnye"},"content":{"rendered":"<h4>Adres<\/h4>\n<p class=\"bodytext\">Islamische Gemeinschaft Mill\u00ee G\u00f6r\u00fc\u015f e.V. (IGMG)<br \/>\nColonia-Allee 3<br \/>\nD-51067 K\u00f6ln<\/p>\n<h4>Telefon<\/h4>\n<p class=\"bodytext\">+49 221 942240-100<\/p>\n<h4>Faks<\/h4>\n<p class=\"bodytext\">+49 221 942240-101<\/p>\n<h4>E-Posta<\/h4>\n<p class=\"bodytext\"><a class=\"mail\">info [at] igmg.org<\/a><\/p>\n<h4>Y\u00f6netim Kurulu<\/h4>\n<p class=\"bodytext\">Kemal Erg\u00fcn, Genel Ba\u015fkan<br \/>\nAli Mete, Genel Sekreter<br \/>\nMurat \u0130leri, Genel Ba\u015fkan Yard\u0131mc\u0131s\u0131<br \/>\nCelil Yal\u0131nk\u0131l\u0131\u00e7, Genel Ba\u015fkan Yard\u0131mc\u0131s\u0131<br \/>\nMikayil Demir, Genel Ba\u015fkan Yard\u0131mc\u0131s\u0131<\/p>\n<p>Kay\u0131tl\u0131 oldu\u011fu dernekler sicili: Amtsgericht K\u00f6ln, VR 17018<br \/>\nVergi No (\u00a727 a Umsatzsteuergesetz): DE192363800<\/p>\n<p class=\"bodytext\">Teknik sorunlarla kar\u015f\u0131la\u015ft\u0131\u011f\u0131n\u0131zda l\u00fctfen <a class=\"mail\">Site Y\u00f6netici<\/a> ile irtibata ge\u00e7in: admin [at] igmg.org<\/p>\n","protected":false},"excerpt":{"rendered":"<p>Adres Islamische Gemeinschaft Mill\u00ee G\u00f6r\u00fc\u015f e.V. (IGMG) Colonia-Allee 3 D-51067 K\u00f6ln Telefon +49 221 942240-100 Faks +49 221 942240-101 E-Posta info [at] igmg.org Y\u00f6netim Kurulu Kemal Erg\u00fcn, Genel Ba\u015fkan Ali Mete, Genel Sekreter Murat \u0130leri, Genel Ba\u015fkan Yard\u0131mc\u0131s\u0131 Celil Yal\u0131nk\u0131l\u0131\u00e7, Genel Ba\u015fkan Yard\u0131mc\u0131s\u0131 Mikayil Demir, Genel Ba\u015fkan Yard\u0131mc\u0131s\u0131 Kay\u0131tl\u0131 oldu\u011fu dernekler sicili: Amtsgericht K\u00f6ln, VR [&hellip;]<\/p>\n","protected":false},"author":1,"featured_media":0,"parent":0,"menu_order":0,"comment_status":"closed","ping_status":"closed","template":"","meta":{"ngg_post_thumbnail":0},"_links":{"self":[{"href":"https:\/\/www.igmg.org\/tr\/wp-json\/wp\/v2\/pages\/31430"}],"collection":[{"href":"https:\/\/www.igmg.org\/tr\/wp-json\/wp\/v2\/pages"}],"about":[{"href":"https:\/\/www.igmg.org\/tr\/wp-json\/wp\/v2\/types\/page"}],"author":[{"embeddable":true,"href":"https:\/\/www.igmg.org\/tr\/wp-json\/wp\/v2\/users\/1"}],"replies":[{"embeddable":true,"href":"https:\/\/www.igmg.org\/tr\/wp-json\/wp\/v2\/comments?post=31430"}],"version-history":[{"count":16,"href":"https:\/\/www.igmg.org\/tr\/wp-json\/wp\/v2\/pages\/31430\/revisions"}],"predecessor-version":[{"id":46287,"href":"https:\/\/www.igmg.org\/tr\/wp-json\/wp\/v2\/pages\/31430\/revisions\/46287"}],"wp:attachment":[{"href":"https:\/\/www.igmg.org\/tr\/wp-json\/wp\/v2\/media?parent=31430"}],"curies":[{"name":"wp","href":"https:\/\/api.w.org\/{rel}","templated":true}]}}