{"id":31554,"date":"2015-09-02T12:37:33","date_gmt":"2015-09-02T10:37:33","guid":{"rendered":"https:\/\/www.igmg.org\/?page_id=31554"},"modified":"2015-09-02T12:37:33","modified_gmt":"2015-09-02T10:37:33","slug":"kadinlar-teskilati-videolar","status":"publish","type":"page","link":"https:\/\/www.igmg.org\/tr\/kadinlar-teskilati-videolar\/","title":{"rendered":"Kad\u0131nlar Te\u015fkilat\u0131 &#8211; Videolar"},"content":{"rendered":"<p>[tnt_video_list id=2]<\/p>\n","protected":false},"excerpt":{"rendered":"<p>[tnt_video_list id=2]<\/p>\n","protected":false},"author":1,"featured_media":0,"parent":0,"menu_order":0,"comment_status":"open","ping_status":"open","template":"","meta":{"ngg_post_thumbnail":0},"_links":{"self":[{"href":"https:\/\/www.igmg.org\/tr\/wp-json\/wp\/v2\/pages\/31554"}],"collection":[{"href":"https:\/\/www.igmg.org\/tr\/wp-json\/wp\/v2\/pages"}],"about":[{"href":"https:\/\/www.igmg.org\/tr\/wp-json\/wp\/v2\/types\/page"}],"author":[{"embeddable":true,"href":"https:\/\/www.igmg.org\/tr\/wp-json\/wp\/v2\/users\/1"}],"replies":[{"embeddable":true,"href":"https:\/\/www.igmg.org\/tr\/wp-json\/wp\/v2\/comments?post=31554"}],"version-history":[{"count":1,"href":"https:\/\/www.igmg.org\/tr\/wp-json\/wp\/v2\/pages\/31554\/revisions"}],"predecessor-version":[{"id":31555,"href":"https:\/\/www.igmg.org\/tr\/wp-json\/wp\/v2\/pages\/31554\/revisions\/31555"}],"wp:attachment":[{"href":"https:\/\/www.igmg.org\/tr\/wp-json\/wp\/v2\/media?parent=31554"}],"curies":[{"name":"wp","href":"https:\/\/api.w.org\/{rel}","templated":true}]}}