{"id":31558,"date":"2015-09-02T12:43:43","date_gmt":"2015-09-02T10:43:43","guid":{"rendered":"https:\/\/www.igmg.org\/?page_id=31558"},"modified":"2016-05-18T15:45:30","modified_gmt":"2016-05-18T13:45:30","slug":"genclik-teskilati-videolar","status":"publish","type":"page","link":"https:\/\/www.igmg.org\/tr\/genclik-teskilati-videolar\/","title":{"rendered":"Gen\u00e7lik Te\u015fkilat\u0131 &#8211; Videolar"},"content":{"rendered":"<p>[tnt_video_list id=2]<\/p>\n","protected":false},"excerpt":{"rendered":"<p>[tnt_video_list id=2]<\/p>\n","protected":false},"author":1,"featured_media":0,"parent":0,"menu_order":0,"comment_status":"open","ping_status":"open","template":"","meta":{"ngg_post_thumbnail":0},"_links":{"self":[{"href":"https:\/\/www.igmg.org\/tr\/wp-json\/wp\/v2\/pages\/31558"}],"collection":[{"href":"https:\/\/www.igmg.org\/tr\/wp-json\/wp\/v2\/pages"}],"about":[{"href":"https:\/\/www.igmg.org\/tr\/wp-json\/wp\/v2\/types\/page"}],"author":[{"embeddable":true,"href":"https:\/\/www.igmg.org\/tr\/wp-json\/wp\/v2\/users\/1"}],"replies":[{"embeddable":true,"href":"https:\/\/www.igmg.org\/tr\/wp-json\/wp\/v2\/comments?post=31558"}],"version-history":[{"count":2,"href":"https:\/\/www.igmg.org\/tr\/wp-json\/wp\/v2\/pages\/31558\/revisions"}],"predecessor-version":[{"id":32648,"href":"https:\/\/www.igmg.org\/tr\/wp-json\/wp\/v2\/pages\/31558\/revisions\/32648"}],"wp:attachment":[{"href":"https:\/\/www.igmg.org\/tr\/wp-json\/wp\/v2\/media?parent=31558"}],"curies":[{"name":"wp","href":"https:\/\/api.w.org\/{rel}","templated":true}]}}