{"id":61027,"date":"2026-04-07T14:49:35","date_gmt":"2026-04-07T12:49:35","guid":{"rendered":"https:\/\/www.igmg.org\/?page_id=61027"},"modified":"2026-04-09T15:22:11","modified_gmt":"2026-04-09T13:22:11","slug":"iklim-dostu-cami-kilavuzu","status":"publish","type":"page","link":"https:\/\/www.igmg.org\/tr\/iklim-dostu-cami-kilavuzu\/","title":{"rendered":"\u0130klim Dostu Cami K\u0131lavuzu Yay\u0131nland\u0131!"},"content":{"rendered":"<p class=\"p2\">\u0130slam Toplumu Mill\u00ee G\u00f6r\u00fc\u015f (IGMG), cami cemaatlerinin iklim ve tabiat korumas\u0131na aktif olarak katk\u0131 sa\u011flamas\u0131n\u0131 desteklemek i\u00e7in bir k\u0131lavuz haz\u0131rlad\u0131. <strong>\u201c\u0130klim Dostu Camiler: Emanetin ve Mizan\u0131n Korunmas\u0131 \u0130\u00e7in Bir Rehber\u201d<\/strong> ba\u015fl\u0131\u011f\u0131n\u0131 ta\u015f\u0131yan k\u0131lavuz, cami cemiyetlerine iklim ve tabiat korumas\u0131 yolunda aktif bir akt\u00f6r olurken e\u015flik edecek.<\/p>\n<p class=\"p2\">M\u00fcsl\u00fcmanlar i\u00e7in Allah\u2019\u0131n bu k\u00e2inata koydu\u011fu mizan\u0131n korunmas\u0131 ve bu muhte\u015fem ahenke sayg\u0131 ve ibretle yakla\u015f\u0131lmas\u0131, din\u00ee bir sorumluluktur. IGMG b\u00fcnyesinde hizmet veren \u0130klim Komisyonu, bu bilin\u00e7le senelerdir \u00e7al\u0131\u015fmalar y\u00fcr\u00fct\u00fcyor.<\/p>\n<p class=\"p2\">\u0130ster eski bir bina, ister yeni bir in\u015fa olsun; ister bah\u00e7eli bir k\u00fclliye, isterse de k\u00fc\u00e7\u00fck bir ibadet odas\u0131 olsun, bu k\u0131lavuzda her t\u00fcr cami cemiyeti i\u00e7in uygulanabilir \u00f6neriler yer al\u0131yor.<\/p>\n<p class=\"p2\">Bu rehberde yaln\u0131zca teknik \u00f6nlemler de\u011fil, ayn\u0131 zamanda iklim korumas\u0131n\u0131n camilerdeki e\u011fitim faaliyetlerine nas\u0131l entegre edilebilece\u011fine dair yollar da g\u00f6steriliyor.<\/p>\n<h4 class=\"p2\">K\u0131lavuzu <a href=\"https:\/\/www.igmg.org\/wp-content\/uploads\/2026\/04\/Klimafreundliche-Moscheen_WEB.pdf\" target=\"_blank\" rel=\"noopener\"><b>buradan<\/b><\/a><span class=\"s2\">&nbsp;<\/span>indirebilirsiniz. K\u0131lavuzun matbu h\u00e2lini sipari\u015f etmek i\u00e7in a\u015fa\u011f\u0131daki formu doldurabilirsiniz<\/h4>\n<div class=\"wpforms-container wpforms-container-full\" id=\"wpforms-61013\"><form id=\"wpforms-form-61013\" class=\"wpforms-validate wpforms-form wpforms-ajax-form\" data-formid=\"61013\" method=\"post\" enctype=\"multipart\/form-data\" action=\"\/tr\/wp-json\/wp\/v2\/pages\/61027\" data-token=\"3afbe7bbc0816d6ae6fafefd7ddb2f90\"><noscript class=\"wpforms-error-noscript\">Bu formu bitirebilmek i\u00e7in taray\u0131c\u0131n\u0131zda JavaScript&#039;i etkinle\u015ftirin.<\/noscript><div class=\"wpforms-field-container\"><div id=\"wpforms-61013-field_0-container\" class=\"wpforms-field wpforms-field-name\" data-field-id=\"0\"><label class=\"wpforms-field-label\" for=\"wpforms-61013-field_0\">Ad\u0131n\u0131z Soyad\u0131n\u0131z <span class=\"wpforms-required-label\">*<\/span><\/label><div class=\"wpforms-field-row wpforms-field-large\"><div class=\"wpforms-field-row-block wpforms-first wpforms-one-half\"><input type=\"text\" id=\"wpforms-61013-field_0\" class=\"wpforms-field-name-first wpforms-field-required\" name=\"wpforms[fields][0][first]\" required><label for=\"wpforms-61013-field_0\" class=\"wpforms-field-sublabel after \">Ad<\/label><\/div><div class=\"wpforms-field-row-block wpforms-one-half\"><input type=\"text\" id=\"wpforms-61013-field_0-last\" class=\"wpforms-field-name-last wpforms-field-required\" name=\"wpforms[fields][0][last]\" required><label for=\"wpforms-61013-field_0-last\" class=\"wpforms-field-sublabel after \">Soyad<\/label><\/div><\/div><\/div><div id=\"wpforms-61013-field_3-container\" class=\"wpforms-field wpforms-field-text\" data-field-id=\"3\"><label class=\"wpforms-field-label\" for=\"wpforms-61013-field_3\">Kurum \/ Organizasyon <span class=\"wpforms-required-label\">*<\/span><\/label><input type=\"text\" id=\"wpforms-61013-field_3\" class=\"wpforms-field-large wpforms-field-required\" name=\"wpforms[fields][3]\" required><\/div><div id=\"wpforms-61013-field_6-container\" class=\"wpforms-field wpforms-field-text\" data-field-id=\"6\"><label class=\"wpforms-field-label\" for=\"wpforms-61013-field_6\">G\u00f6rev \/ Pozisyon <span class=\"wpforms-required-label\">*<\/span><\/label><input type=\"text\" id=\"wpforms-61013-field_6\" class=\"wpforms-field-large wpforms-field-required\" name=\"wpforms[fields][6]\" required><\/div><div id=\"wpforms-61013-field_7-container\" class=\"wpforms-field wpforms-field-text\" data-field-id=\"7\"><label class=\"wpforms-field-label\" for=\"wpforms-61013-field_7\">Teslimat Adresi <span class=\"wpforms-required-label\">*<\/span><\/label><input type=\"text\" id=\"wpforms-61013-field_7\" class=\"wpforms-field-large wpforms-field-required\" name=\"wpforms[fields][7]\" required><\/div><div id=\"wpforms-61013-field_1-container\" class=\"wpforms-field wpforms-field-email\" data-field-id=\"1\"><label class=\"wpforms-field-label\" for=\"wpforms-61013-field_1\">E-Posta Adresi <span class=\"wpforms-required-label\">*<\/span><\/label><input type=\"email\" id=\"wpforms-61013-field_1\" class=\"wpforms-field-large wpforms-field-required\" name=\"wpforms[fields][1]\" spellcheck=\"false\" required><\/div><div id=\"wpforms-61013-field_2-container\" class=\"wpforms-field wpforms-field-textarea\" data-field-id=\"2\"><label class=\"wpforms-field-label\" for=\"wpforms-61013-field_2\">Rehberi a\u015fa\u011f\u0131daki ama\u00e7lar i\u00e7in e-posta yoluyla sipari\u015f etmek istiyorum: <span class=\"wpforms-required-label\">*<\/span><\/label><textarea id=\"wpforms-61013-field_2\" class=\"wpforms-field-large wpforms-field-required\" name=\"wpforms[fields][2]\" required><\/textarea><\/div><\/div><!-- .wpforms-field-container --><div class=\"wpforms-submit-container\" ><input type=\"hidden\" name=\"wpforms[id]\" value=\"61013\"><input type=\"hidden\" name=\"wpforms[author]\" value=\"13\"><button type=\"submit\" name=\"wpforms[submit]\" id=\"wpforms-submit-61013\" class=\"wpforms-submit\" data-alt-text=\"G\u00f6nderiliyor...\" data-submit-text=\"G\u00f6nder\" aria-live=\"assertive\" value=\"wpforms-submit\">G\u00f6nder<\/button><img src=\"https:\/\/www.igmg.org\/wp-content\/plugins\/wpforms-lite\/assets\/images\/submit-spin.svg\" class=\"wpforms-submit-spinner\" style=\"display: none;\" width=\"26\" height=\"26\" alt=\"Y\u00fckleniyor\"><\/div><\/form><\/div>  <!-- .wpforms-container -->\n","protected":false},"excerpt":{"rendered":"<p>\u0130slam Toplumu Mill\u00ee G\u00f6r\u00fc\u015f (IGMG), cami cemaatlerinin iklim ve tabiat korumas\u0131na aktif olarak katk\u0131 sa\u011flamas\u0131n\u0131 desteklemek i\u00e7in bir k\u0131lavuz haz\u0131rlad\u0131. \u201c\u0130klim Dostu Camiler: Emanetin ve Mizan\u0131n Korunmas\u0131 \u0130\u00e7in Bir Rehber\u201d ba\u015fl\u0131\u011f\u0131n\u0131 ta\u015f\u0131yan k\u0131lavuz, cami cemiyetlerine iklim ve tabiat korumas\u0131 yolunda aktif bir akt\u00f6r olurken e\u015flik edecek. M\u00fcsl\u00fcmanlar i\u00e7in Allah\u2019\u0131n bu k\u00e2inata koydu\u011fu mizan\u0131n korunmas\u0131 ve [&hellip;]<\/p>\n","protected":false},"author":13,"featured_media":0,"parent":0,"menu_order":0,"comment_status":"closed","ping_status":"closed","template":"","meta":{"ngg_post_thumbnail":0},"_links":{"self":[{"href":"https:\/\/www.igmg.org\/tr\/wp-json\/wp\/v2\/pages\/61027"}],"collection":[{"href":"https:\/\/www.igmg.org\/tr\/wp-json\/wp\/v2\/pages"}],"about":[{"href":"https:\/\/www.igmg.org\/tr\/wp-json\/wp\/v2\/types\/page"}],"author":[{"embeddable":true,"href":"https:\/\/www.igmg.org\/tr\/wp-json\/wp\/v2\/users\/13"}],"replies":[{"embeddable":true,"href":"https:\/\/www.igmg.org\/tr\/wp-json\/wp\/v2\/comments?post=61027"}],"version-history":[{"count":5,"href":"https:\/\/www.igmg.org\/tr\/wp-json\/wp\/v2\/pages\/61027\/revisions"}],"predecessor-version":[{"id":61122,"href":"https:\/\/www.igmg.org\/tr\/wp-json\/wp\/v2\/pages\/61027\/revisions\/61122"}],"wp:attachment":[{"href":"https:\/\/www.igmg.org\/tr\/wp-json\/wp\/v2\/media?parent=61027"}],"curies":[{"name":"wp","href":"https:\/\/api.w.org\/{rel}","templated":true}]}}